{"id":13567,"date":"2025-10-26T12:54:24","date_gmt":"2025-10-26T12:54:24","guid":{"rendered":"https:\/\/aramiso-test.verteco.app\/?product=hlinikova-plotova-zaluzia-ovalna-20x100-6000mm-2"},"modified":"2025-10-26T12:54:26","modified_gmt":"2025-10-26T12:54:26","slug":"hlinikova-plotova-zaluzia-ovalna-20x100-6000mm-2","status":"publish","type":"product","link":"https:\/\/aramiso-test.verteco.app\/?product=hlinikova-plotova-zaluzia-ovalna-20x100-6000mm-2","title":{"rendered":"Hlin\u00edkov\u00e1 plotov\u00e1 \u017eal\u00fazia ov\u00e1lna 20&#215;100-6000mm"},"content":{"rendered":"<p>Ov\u00e1lna hlin\u00edkov\u00e1 lamela s rozmermi 20 x 100 x 6000 mm je ide\u00e1lnym prvkom pre modern\u00e9 ploty, ktor\u00e9 prin\u00e1\u0161aj\u00fa eleganciu a funk\u010dnos\u0165. Ov\u00e1lny profil dod\u00e1va plotu jemn\u00fd, modern\u00fd vzh\u013ead a umo\u017e\u0148uje vytv\u00e1ra\u0165 s\u00favisl\u00e9 l\u00ednie bez ru\u0161iv\u00fdch prechodov. T\u00e1to lamela Je vyroben\u00e1 z vysoko kvalitn\u00e9ho <strong>hlin\u00edka EN AW-6060-T6<\/strong>, ktor\u00fd zaru\u010duje dlh\u00fa \u017eivotnos\u0165, odolnos\u0165 vo\u010di kor\u00f3zii a minim\u00e1lnu \u00fadr\u017ebu. <\/p>\n<p>Lamela je navrhnut\u00e1 tak, aby odol\u00e1vala r\u00f4znym poveternostn\u00fdm vplyvom, od da\u017e\u010fa po intenz\u00edvne slne\u010dn\u00e9 \u017eiarenie. V\u010faka pou\u017eit\u00e9mu hlin\u00edku lamela odol\u00e1va kor\u00f3zii a zachov\u00e1va si svoj p\u00f4vodn\u00fd vzh\u013ead aj po rokoch pou\u017e\u00edvania. To ju rob\u00ed ide\u00e1lnou vo\u013ebou pre vonkaj\u0161ie prostredia, kde je potrebn\u00e1 trv\u00e1cnos\u0165 a estetick\u00e1 kvalita. <\/p>\n<p>V\u00fdpl\u0148 je v <strong>natur\u00e1lnom preveden\u00ed<\/strong>, bez povrchovej \u00fapravy. Aby sa v\u0161ak zabezpe\u010dila dlhodob\u00e1 ochrana pred oxid\u00e1ciou a zachovala estetika, odpor\u00fa\u010da sa ho povrchovo upravi\u0165. Hlin\u00edk je mo\u017en\u00e9 povrchovo upravi\u0165 eloxovan\u00edm, pr\u00e1\u0161kov\u00fdm lakovan\u00edm a pod. Takto o\u0161etren\u00fd hlin\u00edk poskytne maxim\u00e1lnu ochranu vo\u010di poveternostn\u00fdm vplyvom, kor\u00f3zi\u00ed a z\u00e1rove\u0148 si zachov\u00e1 svoj modern\u00fd vzh\u013ead bez n\u00e1ro\u010dnej \u00fadr\u017eby.<\/p>\n<p>Lamela s d\u013a\u017ekou 6000 mm je jednoducho montovate\u013en\u00e1 a <strong>nevy\u017eaduje zv\u00e1ranie<\/strong>, \u010do rob\u00ed jej in\u0161tal\u00e1ciu r\u00fdchlou a nen\u00e1ro\u010dnou. Mo\u017enos\u0165 prisp\u00f4sobenia d\u013a\u017eky poskytuje ve\u013ek\u00fa flexibilitu pri tvorbe plotov r\u00f4znych rozmerov, pri\u010dom syst\u00e9m mont\u00e1\u017ee umo\u017e\u0148uje vytv\u00e1ra\u0165 jednotn\u00fd a elegantn\u00fd vzh\u013ead bez vidite\u013en\u00fdch spojov. <\/p>\n<p>T\u00e1to lamela s ov\u00e1lnym profilom je ide\u00e1lna pre oplotenie rodinn\u00fdch domov, z\u00e1hrad \u010di komer\u010dn\u00fdch priestorov, kde je d\u00f4raz kladen\u00fd na s\u00fakromie a estetiku. V\u010faka jemn\u00fdm l\u00edni\u00e1m a modern\u00e9mu dizajnu sa ploty z t\u00fdchto lamiel \u013eahko zl\u00fa\u010dia s ak\u00fdmko\u013evek architektonick\u00fdm \u0161t\u00fdlom a dodaj\u00fa exteri\u00e9ru sofistikovan\u00fd vzh\u013ead.<\/p>\n","protected":false},"excerpt":{"rendered":"<p>Materi\u00e1l: Hlin\u00edk, Povrchov\u00e1 \u00faprava: Natural, L: 6000<\/p>\n","protected":false},"featured_media":0,"comment_status":"closed","ping_status":"open","template":"","meta":[],"product_brand":[],"product_cat":[15],"product_tag":[],"class_list":{"0":"post-13567","1":"product","2":"type-product","3":"status-publish","5":"product_cat-uncategorized","7":"first","8":"onbackorder","9":"sale","10":"purchasable","11":"product-type-simple"},"_links":{"self":[{"href":"https:\/\/aramiso-test.verteco.app\/index.php?rest_route=\/wp\/v2\/product\/13567","targetHints":{"allow":["GET"]}}],"collection":[{"href":"https:\/\/aramiso-test.verteco.app\/index.php?rest_route=\/wp\/v2\/product"}],"about":[{"href":"https:\/\/aramiso-test.verteco.app\/index.php?rest_route=\/wp\/v2\/types\/product"}],"replies":[{"embeddable":true,"href":"https:\/\/aramiso-test.verteco.app\/index.php?rest_route=%2Fwp%2Fv2%2Fcomments&post=13567"}],"wp:attachment":[{"href":"https:\/\/aramiso-test.verteco.app\/index.php?rest_route=%2Fwp%2Fv2%2Fmedia&parent=13567"}],"wp:term":[{"taxonomy":"product_brand","embeddable":true,"href":"https:\/\/aramiso-test.verteco.app\/index.php?rest_route=%2Fwp%2Fv2%2Fproduct_brand&post=13567"},{"taxonomy":"product_cat","embeddable":true,"href":"https:\/\/aramiso-test.verteco.app\/index.php?rest_route=%2Fwp%2Fv2%2Fproduct_cat&post=13567"},{"taxonomy":"product_tag","embeddable":true,"href":"https:\/\/aramiso-test.verteco.app\/index.php?rest_route=%2Fwp%2Fv2%2Fproduct_tag&post=13567"}],"curies":[{"name":"wp","href":"https:\/\/api.w.org\/{rel}","templated":true}]}}