{"id":13562,"date":"2025-08-03T13:28:14","date_gmt":"2025-08-03T13:28:14","guid":{"rendered":"https:\/\/aramiso-test.verteco.app\/?product=hlinikova-plotova-lamela-8x120x1800mm"},"modified":"2025-08-03T13:28:17","modified_gmt":"2025-08-03T13:28:17","slug":"hlinikova-plotova-lamela-8x120x1800mm","status":"publish","type":"product","link":"https:\/\/aramiso-test.verteco.app\/?product=hlinikova-plotova-lamela-8x120x1800mm","title":{"rendered":"Hlin\u00edkov\u00e1 plotov\u00e1 lamela 8x120x1800mm"},"content":{"rendered":"<p>T\u00e1to hlin\u00edkov\u00e1 plotov\u00e1 lamela s rozmermi 8&#215;120 mm a d\u013a\u017ekou 1800 mm je ide\u00e1lnym prvkom pre modern\u00e9 ploty, ktor\u00e9 pon\u00fakaj\u00fa \u010dist\u00fd a elegantn\u00fd dizajn. V\u010faka \u00fazkemu profilu a \u0161t\u00edhlemu tvaru lamely vytv\u00e1raj\u00fa modern\u00fd vzh\u013ead s d\u00f4razom na minimalizmus. Je vyroben\u00e1 z vysoko kvalitn\u00e9ho <strong> hlin\u00edka EN AW-6060-T6 <\/strong>, ktor\u00fd zaru\u010duje dlh\u00fa \u017eivotnos\u0165, odolnos\u0165 vo\u010di kor\u00f3zii a minim\u00e1lnu \u00fadr\u017ebu. <\/p>\n<p>Lamela je navrhnut\u00e1 tak, aby odol\u00e1vala r\u00f4znym poveternostn\u00fdm vplyvom, od da\u017e\u010fa po intenz\u00edvne slne\u010dn\u00e9 \u017eiarenie. V\u010faka pou\u017eit\u00e9mu hlin\u00edku lamela odol\u00e1va kor\u00f3zii a zachov\u00e1va si svoj p\u00f4vodn\u00fd vzh\u013ead aj po rokoch pou\u017e\u00edvania. To ju rob\u00ed ide\u00e1lnou vo\u013ebou pre vonkaj\u0161ie prostredia, kde je potrebn\u00e1 trv\u00e1cnos\u0165 a estetick\u00e1 kvalita. <\/p>\n<p>V\u00fdpl\u0148 je v elegantnej, <strong> antracitovej farbe <\/strong>, ktor\u00e1 dod\u00e1va v\u00fdplni modern\u00fd a nad\u010dasov\u00fd vzh\u013ead. Jemn\u00e1 \u0161trukt\u00fara povrchu zvy\u0161uje estetiku plotu a z\u00e1rove\u0148 zabezpe\u010duje vy\u0161\u0161iu odolnos\u0165 proti mechanick\u00e9mu opotrebeniu, po\u0161kriabaniu a poveternostn\u00fdm vplyvom. Antracitov\u00e1 farba je ob\u013e\u00faben\u00e1 pre svoju schopnos\u0165 dokonale sa zladi\u0165 s r\u00f4znymi \u0161t\u00fdlmi architekt\u00fary a dod\u00e1va\u0165 exteri\u00e9rom sofistikovan\u00fd vzh\u013ead. <\/p>\n<p>V\u010faka svojej d\u013a\u017eke 1800 mm a mo\u017enosti prisp\u00f4sobenia je lamela vhodn\u00e1 pre r\u00f4zne typy plotov. Je \u013eahko in\u0161talovate\u013en\u00e1 <strong>bez nutnosti zv\u00e1rania<\/strong>, \u010do zjednodu\u0161uje mont\u00e1\u017e a \u0161etr\u00ed \u010das. Plot z t\u00fdchto lamiel poskytuje vysok\u00fa \u00farove\u0148 s\u00fakromia a z\u00e1rove\u0148 elegantn\u00fd vzh\u013ead. <\/p>\n<p>\u010ci u\u017e ide o rodinn\u00e9 domy, z\u00e1hrady alebo komer\u010dn\u00e9 objekty, t\u00e1to lamela pon\u00faka modern\u00fd dizajn, ktor\u00fd dokonale zapadne do ak\u00e9hoko\u013evek prostredia. Plot vytvoren\u00fd z t\u00fdchto lamiel je nielen esteticky pr\u00ed\u0165a\u017eliv\u00fd, ale aj funk\u010dn\u00fd, pri\u010dom poskytuje s\u00fakromie a ochranu bez obmedzenia pr\u00fadenia vzduchu.<\/p>\n","protected":false},"excerpt":{"rendered":"<p>Materi\u00e1l: Hlin\u00edk, Povrchov\u00e1 \u00faprava: Pr\u00e1\u0161kovan\u00fd s text\u00farou, Vzh\u013ead: Antracit RAL7016, L: 1800<\/p>\n","protected":false},"featured_media":0,"comment_status":"closed","ping_status":"open","template":"","meta":[],"product_brand":[],"product_cat":[15],"product_tag":[],"class_list":{"0":"post-13562","1":"product","2":"type-product","3":"status-publish","5":"product_cat-uncategorized","7":"first","8":"onbackorder","9":"sale","10":"purchasable","11":"product-type-simple"},"_links":{"self":[{"href":"https:\/\/aramiso-test.verteco.app\/index.php?rest_route=\/wp\/v2\/product\/13562","targetHints":{"allow":["GET"]}}],"collection":[{"href":"https:\/\/aramiso-test.verteco.app\/index.php?rest_route=\/wp\/v2\/product"}],"about":[{"href":"https:\/\/aramiso-test.verteco.app\/index.php?rest_route=\/wp\/v2\/types\/product"}],"replies":[{"embeddable":true,"href":"https:\/\/aramiso-test.verteco.app\/index.php?rest_route=%2Fwp%2Fv2%2Fcomments&post=13562"}],"wp:attachment":[{"href":"https:\/\/aramiso-test.verteco.app\/index.php?rest_route=%2Fwp%2Fv2%2Fmedia&parent=13562"}],"wp:term":[{"taxonomy":"product_brand","embeddable":true,"href":"https:\/\/aramiso-test.verteco.app\/index.php?rest_route=%2Fwp%2Fv2%2Fproduct_brand&post=13562"},{"taxonomy":"product_cat","embeddable":true,"href":"https:\/\/aramiso-test.verteco.app\/index.php?rest_route=%2Fwp%2Fv2%2Fproduct_cat&post=13562"},{"taxonomy":"product_tag","embeddable":true,"href":"https:\/\/aramiso-test.verteco.app\/index.php?rest_route=%2Fwp%2Fv2%2Fproduct_tag&post=13562"}],"curies":[{"name":"wp","href":"https:\/\/api.w.org\/{rel}","templated":true}]}}