{"id":13546,"date":"2025-08-03T13:28:02","date_gmt":"2025-08-03T13:28:02","guid":{"rendered":"https:\/\/aramiso-test.verteco.app\/?product=hlinikova-plotova-zaluzia-ovalna-20x100-2000mm"},"modified":"2025-08-03T13:28:08","modified_gmt":"2025-08-03T13:28:08","slug":"hlinikova-plotova-zaluzia-ovalna-20x100-2000mm","status":"publish","type":"product","link":"https:\/\/aramiso-test.verteco.app\/?product=hlinikova-plotova-zaluzia-ovalna-20x100-2000mm","title":{"rendered":"Hlin\u00edkov\u00e1 plotov\u00e1 \u017eal\u00fazia ov\u00e1lna 20&#215;100-2000mm"},"content":{"rendered":"<p>Ov\u00e1lna hlin\u00edkov\u00e1 lamela s rozmermi 20 x 100 x 2000 mm je ide\u00e1lnym prvkom pre modern\u00e9 ploty, ktor\u00e9 prin\u00e1\u0161aj\u00fa eleganciu a funk\u010dnos\u0165. Ov\u00e1lny profil dod\u00e1va plotu jemn\u00fd, modern\u00fd vzh\u013ead a umo\u017e\u0148uje vytv\u00e1ra\u0165 s\u00favisl\u00e9 l\u00ednie bez ru\u0161iv\u00fdch prechodov. T\u00e1to lamela Je vyroben\u00e1 z vysoko kvalitn\u00e9ho <strong>hlin\u00edka EN AW-6060-T6<\/strong>, ktor\u00fd zaru\u010duje dlh\u00fa \u017eivotnos\u0165, odolnos\u0165 vo\u010di kor\u00f3zii a minim\u00e1lnu \u00fadr\u017ebu. <\/p>\n<p>Lamela je navrhnut\u00e1 tak, aby odol\u00e1vala r\u00f4znym poveternostn\u00fdm vplyvom, od da\u017e\u010fa po intenz\u00edvne slne\u010dn\u00e9 \u017eiarenie. V\u010faka pou\u017eit\u00e9mu hlin\u00edku lamela odol\u00e1va kor\u00f3zii a zachov\u00e1va si svoj p\u00f4vodn\u00fd vzh\u013ead aj po rokoch pou\u017e\u00edvania. To ju rob\u00ed ide\u00e1lnou vo\u013ebou pre vonkaj\u0161ie prostredia, kde je potrebn\u00e1 trv\u00e1cnos\u0165 a estetick\u00e1 kvalita. <\/p>\n<p>V\u00fdpl\u0148 je v elegantnej, <strong> antracitovej farbe <\/strong>, ktor\u00e1 dod\u00e1va v\u00fdplni modern\u00fd a nad\u010dasov\u00fd vzh\u013ead. Jemn\u00e1 \u0161trukt\u00fara povrchu zvy\u0161uje estetiku plotu a z\u00e1rove\u0148 zabezpe\u010duje vy\u0161\u0161iu odolnos\u0165 proti mechanick\u00e9mu opotrebeniu, po\u0161kriabaniu a poveternostn\u00fdm vplyvom. Antracitov\u00e1 farba je ob\u013e\u00faben\u00e1 pre svoju schopnos\u0165 dokonale sa zladi\u0165 s r\u00f4znymi \u0161t\u00fdlmi architekt\u00fary a dod\u00e1va\u0165 exteri\u00e9rom sofistikovan\u00fd vzh\u013ead. <\/p>\n<p>Lamela s d\u013a\u017ekou 2000 mm je jednoducho montovate\u013en\u00e1 a <strong>nevy\u017eaduje zv\u00e1ranie<\/strong>, \u010do rob\u00ed jej in\u0161tal\u00e1ciu r\u00fdchlou a nen\u00e1ro\u010dnou. Mo\u017enos\u0165 prisp\u00f4sobenia d\u013a\u017eky poskytuje ve\u013ek\u00fa flexibilitu pri tvorbe plotov r\u00f4znych rozmerov, pri\u010dom syst\u00e9m mont\u00e1\u017ee umo\u017e\u0148uje vytv\u00e1ra\u0165 jednotn\u00fd a elegantn\u00fd vzh\u013ead bez vidite\u013en\u00fdch spojov. <\/p>\n<p>T\u00e1to lamela s ov\u00e1lnym profilom je ide\u00e1lna pre oplotenie rodinn\u00fdch domov, z\u00e1hrad \u010di komer\u010dn\u00fdch priestorov, kde je d\u00f4raz kladen\u00fd na s\u00fakromie a estetiku. V\u010faka jemn\u00fdm l\u00edni\u00e1m a modern\u00e9mu dizajnu sa ploty z t\u00fdchto lamiel \u013eahko zl\u00fa\u010dia s ak\u00fdmko\u013evek architektonick\u00fdm \u0161t\u00fdlom a dodaj\u00fa exteri\u00e9ru sofistikovan\u00fd vzh\u013ead.<\/p>\n","protected":false},"excerpt":{"rendered":"<p>Materi\u00e1l: Hlin\u00edk, Povrchov\u00e1 \u00faprava: Pr\u00e1\u0161kovan\u00fd s text\u00farou, Vzh\u013ead: Antracit RAL7016, L: 2000<\/p>\n","protected":false},"featured_media":0,"comment_status":"closed","ping_status":"open","template":"","meta":[],"product_brand":[],"product_cat":[15],"product_tag":[],"class_list":{"0":"post-13546","1":"product","2":"type-product","3":"status-publish","5":"product_cat-uncategorized","7":"first","8":"onbackorder","9":"sale","10":"purchasable","11":"product-type-simple"},"_links":{"self":[{"href":"https:\/\/aramiso-test.verteco.app\/index.php?rest_route=\/wp\/v2\/product\/13546","targetHints":{"allow":["GET"]}}],"collection":[{"href":"https:\/\/aramiso-test.verteco.app\/index.php?rest_route=\/wp\/v2\/product"}],"about":[{"href":"https:\/\/aramiso-test.verteco.app\/index.php?rest_route=\/wp\/v2\/types\/product"}],"replies":[{"embeddable":true,"href":"https:\/\/aramiso-test.verteco.app\/index.php?rest_route=%2Fwp%2Fv2%2Fcomments&post=13546"}],"wp:attachment":[{"href":"https:\/\/aramiso-test.verteco.app\/index.php?rest_route=%2Fwp%2Fv2%2Fmedia&parent=13546"}],"wp:term":[{"taxonomy":"product_brand","embeddable":true,"href":"https:\/\/aramiso-test.verteco.app\/index.php?rest_route=%2Fwp%2Fv2%2Fproduct_brand&post=13546"},{"taxonomy":"product_cat","embeddable":true,"href":"https:\/\/aramiso-test.verteco.app\/index.php?rest_route=%2Fwp%2Fv2%2Fproduct_cat&post=13546"},{"taxonomy":"product_tag","embeddable":true,"href":"https:\/\/aramiso-test.verteco.app\/index.php?rest_route=%2Fwp%2Fv2%2Fproduct_tag&post=13546"}],"curies":[{"name":"wp","href":"https:\/\/api.w.org\/{rel}","templated":true}]}}