{"id":13540,"date":"2025-09-03T11:14:41","date_gmt":"2025-09-03T11:14:41","guid":{"rendered":"https:\/\/aramiso-test.verteco.app\/?product=hlinikova-plotova-zaluzia-20x105-zaoblena-2500mm"},"modified":"2025-09-03T11:14:42","modified_gmt":"2025-09-03T11:14:42","slug":"hlinikova-plotova-zaluzia-20x105-zaoblena-2500mm","status":"publish","type":"product","link":"https:\/\/aramiso-test.verteco.app\/?product=hlinikova-plotova-zaluzia-20x105-zaoblena-2500mm","title":{"rendered":"Hlin\u00edkov\u00e1 plotov\u00e1 \u017eal\u00fazia 20&#215;105 zaoblen\u00e1 &#8211; 2500mm"},"content":{"rendered":"<div>Hlin\u00edkov\u00e1 plotov\u00e1 v\u00fdpl\u0148 typu \u017eal\u00fazia s rozmermi 20 x 105 x 2500 mm je ide\u00e1lnou vo\u013ebou pre modern\u00e9 ploty, ktor\u00e9 pon\u00fakaj\u00fa s\u00fakromie bez toho, aby \u00faplne uzatv\u00e1rali priestor. Naklonen\u00e9 lamely v tvare \u017eal\u00fazi\u00ed poskytuj\u00fa optim\u00e1lnu ochranu pred zvedav\u00fdmi poh\u013eadmi, no z\u00e1rove\u0148 umo\u017e\u0148uj\u00fa vo\u013en\u00fd priechod vzduchu a svetla. V\u010faka ich \u0161peci\u00e1lnemu tvaru vytv\u00e1raj\u00fa \u010dist\u00fd a \u0161t\u00fdlov\u00fd vzh\u013ead, ktor\u00fd zapadne do ka\u017ed\u00e9ho exteri\u00e9ru. <\/p>\n<p>Plotov\u00e1 v\u00fdpl\u0148 je vyroben\u00e1 z kvalitn\u00e9ho hlin\u00edka EN AW-6060-T6, ktor\u00fd poskytuje vysok\u00fa odolnos\u0165 vo\u010di poveternostn\u00fdm podmienkam vr\u00e1tane da\u017e\u010fa, mrazu i UV \u017eiarenia. Hlin\u00edk je odoln\u00fd vo\u010di kor\u00f3zii a v\u010faka tomu je zn\u00e1my svojou dlhou \u017eivotnos\u0165ou. Akon\u00e1hle je hlin\u00edk povrchovo upraven\u00fd, jeho \u00fadr\u017eba je minim\u00e1lna. <\/p>\n<p>V\u00fdpl\u0148 je v elegantnej <strong>antracitovej farbe<\/strong>, ktor\u00e1 je ide\u00e1lna pre modern\u00e9 a nad\u010dasov\u00e9 exteri\u00e9ry. Jemn\u00e1 text\u00fara povrchu zvy\u0161uje estetick\u00fa hodnotu v\u00fdplne a dod\u00e1va jej luxusn\u00fd vzh\u013ead, pri\u010dom z\u00e1rove\u0148 zvy\u0161uje odolnos\u0165 vo\u010di UV \u017eiareniu a mechanick\u00e9mu opotrebeniu. V\u010faka odoln\u00e9mu hlin\u00edku a pr\u00e1\u0161kovan\u00e9mu povrchu si nevy\u017eaduje plotov\u00e1 v\u00fdpl\u0148 n\u00e1ro\u010dn\u00fa \u00fadr\u017ebu. <\/p>\n<p>S d\u013a\u017ekou 2500 mm je v\u00fdpl\u0148 \u013eahko prisp\u00f4sobite\u013en\u00e1 r\u00f4znym d\u013a\u017ekov\u00fdm po\u017eiadavk\u00e1m, \u010do umo\u017e\u0148uje jednoduch\u00fa mont\u00e1\u017e na mieru. \u010ci u\u017e potrebujete krat\u0161ie alebo dlh\u0161ie plotov\u00e9 sekcie, t\u00e1to v\u00fdpl\u0148 je mimoriadne flexibiln\u00e1.<\/p><\/div>\n","protected":false},"excerpt":{"rendered":"<p>Materi\u00e1l: Hlin\u00edk, Povrchov\u00e1 \u00faprava: Pr\u00e1\u0161kovan\u00fd s text\u00farou, Vzh\u013ead: Antracit RAL7016, L: 2500<\/p>\n","protected":false},"featured_media":0,"comment_status":"closed","ping_status":"open","template":"","meta":[],"product_brand":[],"product_cat":[15],"product_tag":[],"class_list":{"0":"post-13540","1":"product","2":"type-product","3":"status-publish","5":"product_cat-uncategorized","7":"first","8":"onbackorder","9":"sale","10":"purchasable","11":"product-type-simple"},"_links":{"self":[{"href":"https:\/\/aramiso-test.verteco.app\/index.php?rest_route=\/wp\/v2\/product\/13540","targetHints":{"allow":["GET"]}}],"collection":[{"href":"https:\/\/aramiso-test.verteco.app\/index.php?rest_route=\/wp\/v2\/product"}],"about":[{"href":"https:\/\/aramiso-test.verteco.app\/index.php?rest_route=\/wp\/v2\/types\/product"}],"replies":[{"embeddable":true,"href":"https:\/\/aramiso-test.verteco.app\/index.php?rest_route=%2Fwp%2Fv2%2Fcomments&post=13540"}],"wp:attachment":[{"href":"https:\/\/aramiso-test.verteco.app\/index.php?rest_route=%2Fwp%2Fv2%2Fmedia&parent=13540"}],"wp:term":[{"taxonomy":"product_brand","embeddable":true,"href":"https:\/\/aramiso-test.verteco.app\/index.php?rest_route=%2Fwp%2Fv2%2Fproduct_brand&post=13540"},{"taxonomy":"product_cat","embeddable":true,"href":"https:\/\/aramiso-test.verteco.app\/index.php?rest_route=%2Fwp%2Fv2%2Fproduct_cat&post=13540"},{"taxonomy":"product_tag","embeddable":true,"href":"https:\/\/aramiso-test.verteco.app\/index.php?rest_route=%2Fwp%2Fv2%2Fproduct_tag&post=13540"}],"curies":[{"name":"wp","href":"https:\/\/api.w.org\/{rel}","templated":true}]}}