{"id":13533,"date":"2025-08-03T13:26:58","date_gmt":"2025-08-03T13:26:58","guid":{"rendered":"https:\/\/aramiso-test.verteco.app\/?product=hlinikova-plotova-vypln-20x30-6000mm-natural"},"modified":"2025-08-03T13:27:07","modified_gmt":"2025-08-03T13:27:07","slug":"hlinikova-plotova-vypln-20x30-6000mm-natural","status":"publish","type":"product","link":"https:\/\/aramiso-test.verteco.app\/?product=hlinikova-plotova-vypln-20x30-6000mm-natural","title":{"rendered":"Hlin\u00edkov\u00e1 plotov\u00e1 v\u00fdpl\u0148 20&#215;30 &#8211; 6000mm natural"},"content":{"rendered":"<p>Hlin\u00edkov\u00e1 plotov\u00e1 v\u00fdpl\u0148 s rozmermi 20 x 30 mm a d\u013a\u017ekou 6000 mm je skvelou vo\u013ebou pre modern\u00e9 ploty, ktor\u00e9 pon\u00fakaj\u00fa vizu\u00e1lnu \u013eahkos\u0165, eleganciu a s\u00fakromie. Medzery medzi latami vytv\u00e1raj\u00fa elegantn\u00fd, vzdu\u0161n\u00fd dizajn, ktor\u00fd z\u00e1rove\u0148 umo\u017e\u0148uje prechod svetla a vzduchu. Tento \u0161t\u00fdl je ide\u00e1lny pre ploty, ktor\u00e9 dop\u013a\u0148aj\u00fa modern\u00e9 rodinn\u00e9 domy, z\u00e1hrady alebo komer\u010dn\u00e9 objekty. <\/p>\n<p>Plotov\u00e1 v\u00fdpl\u0148 je vyroben\u00e1 z <strong> hlin\u00edku EN AW-6060-T6<\/strong>, ktor\u00fd sa vyzna\u010duje mimoriadnou odolnos\u0165ou vo\u010di kor\u00f3zii a vplyvom po\u010dasia, v\u010faka \u010domu je plot vhodn\u00fd do r\u00f4znych klimatick\u00fdch podmienok. Povrchov\u00e1 \u00faprava prid\u00e1 dodato\u010dn\u00fa ochranu proti UV \u017eiareniu, da\u017e\u010fu a snehu, \u010do predl\u017euje \u017eivotnos\u0165 v\u00fdplne. Hlin\u00edkov\u00e1 v\u00fdpl\u0148 nehrdzavie, je nen\u00e1ro\u010dn\u00e1 na \u00fadr\u017ebu a po rokoch si zachov\u00e1va svoj p\u00f4vodn\u00fd vzh\u013ead. <\/p>\n<p>V\u00fdpl\u0148 je v <strong>natur\u00e1lnom preveden\u00ed<\/strong>, bez povrchovej \u00fapravy. Aby sa v\u0161ak zabezpe\u010dila dlhodob\u00e1 ochrana pred oxid\u00e1ciou a zachovala estetika, odpor\u00fa\u010da sa ho povrchovo upravi\u0165. Hlin\u00edk je mo\u017en\u00e9 povrchovo upravi\u0165 eloxovan\u00edm pr\u00e1\u0161kov\u00fdm lakovan\u00edm a pod. Takto o\u0161etren\u00fd hlin\u00edk poskytne maxim\u00e1lnu ochranu vo\u010di poveternostn\u00fdm vplyvom, kor\u00f3zi\u00ed a z\u00e1rove\u0148 si zachov\u00e1 svoj modern\u00fd vzh\u013ead bez n\u00e1ro\u010dnej \u00fadr\u017eby.<\/p>\n<p>In\u0161tal\u00e1cia tejto plotovej v\u00fdplne je jednoduch\u00e1 a <strong> nevy\u017eaduje zv\u00e1ranie<\/strong>,  \u010do v\u00fdrazne zjednodu\u0161uje proces mont\u00e1\u017ee. V\u010faka d\u013a\u017eke 6000 mm je mo\u017en\u00e9 lamely upravi\u0165 na mieru pod\u013ea \u0161pecifick\u00fdch rozmerov, \u010do poskytuje flexibilitu pri in\u0161tal\u00e1cii r\u00f4znych typov plotov. <\/p>\n<p>Tento typ hlin\u00edkovej plotovej v\u00fdplne je vhodn\u00fd na \u0161irok\u00fa \u0161k\u00e1lu pou\u017eit\u00ed &#8211; od plotov okolo rodinn\u00fdch domov, cez z\u00e1hrady, a\u017e po komer\u010dn\u00e9 objekty. Elegantn\u00fd dizajn s medzerami poskytuje dostatok s\u00fakromia, no z\u00e1rove\u0148 nebr\u00e1ni v pr\u00faden\u00ed vzduchu ani svetla, \u010do je ide\u00e1lne pre exteri\u00e9ry, ktor\u00e9 potrebuj\u00fa kombinova\u0165 funk\u010dnos\u0165 a estetiku.<\/p>\n","protected":false},"excerpt":{"rendered":"<p>Materi\u00e1l: Hlin\u00edk, Povrchov\u00e1 \u00faprava: Natural, L: 6000<\/p>\n","protected":false},"featured_media":0,"comment_status":"closed","ping_status":"open","template":"","meta":[],"product_brand":[],"product_cat":[15],"product_tag":[],"class_list":{"0":"post-13533","1":"product","2":"type-product","3":"status-publish","5":"product_cat-uncategorized","7":"first","8":"onbackorder","9":"sale","10":"purchasable","11":"product-type-simple"},"_links":{"self":[{"href":"https:\/\/aramiso-test.verteco.app\/index.php?rest_route=\/wp\/v2\/product\/13533","targetHints":{"allow":["GET"]}}],"collection":[{"href":"https:\/\/aramiso-test.verteco.app\/index.php?rest_route=\/wp\/v2\/product"}],"about":[{"href":"https:\/\/aramiso-test.verteco.app\/index.php?rest_route=\/wp\/v2\/types\/product"}],"replies":[{"embeddable":true,"href":"https:\/\/aramiso-test.verteco.app\/index.php?rest_route=%2Fwp%2Fv2%2Fcomments&post=13533"}],"wp:attachment":[{"href":"https:\/\/aramiso-test.verteco.app\/index.php?rest_route=%2Fwp%2Fv2%2Fmedia&parent=13533"}],"wp:term":[{"taxonomy":"product_brand","embeddable":true,"href":"https:\/\/aramiso-test.verteco.app\/index.php?rest_route=%2Fwp%2Fv2%2Fproduct_brand&post=13533"},{"taxonomy":"product_cat","embeddable":true,"href":"https:\/\/aramiso-test.verteco.app\/index.php?rest_route=%2Fwp%2Fv2%2Fproduct_cat&post=13533"},{"taxonomy":"product_tag","embeddable":true,"href":"https:\/\/aramiso-test.verteco.app\/index.php?rest_route=%2Fwp%2Fv2%2Fproduct_tag&post=13533"}],"curies":[{"name":"wp","href":"https:\/\/api.w.org\/{rel}","templated":true}]}}