{"id":13528,"date":"2025-08-03T13:26:58","date_gmt":"2025-08-03T13:26:58","guid":{"rendered":"https:\/\/aramiso-test.verteco.app\/?product=hlinikova-plotova-vypln-20mm-na-dopyt-farba-drevodekor"},"modified":"2025-08-03T13:27:04","modified_gmt":"2025-08-03T13:27:04","slug":"hlinikova-plotova-vypln-20mm-na-dopyt-farba-drevodekor","status":"publish","type":"product","link":"https:\/\/aramiso-test.verteco.app\/?product=hlinikova-plotova-vypln-20mm-na-dopyt-farba-drevodekor","title":{"rendered":"Hlin\u00edkov\u00e1 plotov\u00e1 v\u00fdpl\u0148 20mm na dopyt farba\/drevodekor"},"content":{"rendered":"<p>Hlin\u00edkov\u00e1 plotov\u00e1 v\u00fdpl\u0148 rozmer 20mm, v preveden\u00ed, ktor\u00e9 nie je skladom.<br \/>\nNadefinujte Vami po\u017eadovan\u00fa v\u00fd\u0161ku a farebn\u00e9 prevedenie, pre vypracovanie cenovej ponuky.<br \/>\n\u00dadaje zadajte do pozn\u00e1mky pre predajcu v ko\u0161\u00edku.<\/p>\n","protected":false},"excerpt":{"rendered":"<p>Materi\u00e1l: Hlin\u00edk<\/p>\n","protected":false},"featured_media":0,"comment_status":"closed","ping_status":"open","template":"","meta":[],"product_brand":[],"product_cat":[15],"product_tag":[],"class_list":{"0":"post-13528","1":"product","2":"type-product","3":"status-publish","5":"product_cat-uncategorized","7":"first","8":"onbackorder","9":"purchasable","10":"product-type-simple"},"_links":{"self":[{"href":"https:\/\/aramiso-test.verteco.app\/index.php?rest_route=\/wp\/v2\/product\/13528","targetHints":{"allow":["GET"]}}],"collection":[{"href":"https:\/\/aramiso-test.verteco.app\/index.php?rest_route=\/wp\/v2\/product"}],"about":[{"href":"https:\/\/aramiso-test.verteco.app\/index.php?rest_route=\/wp\/v2\/types\/product"}],"replies":[{"embeddable":true,"href":"https:\/\/aramiso-test.verteco.app\/index.php?rest_route=%2Fwp%2Fv2%2Fcomments&post=13528"}],"wp:attachment":[{"href":"https:\/\/aramiso-test.verteco.app\/index.php?rest_route=%2Fwp%2Fv2%2Fmedia&parent=13528"}],"wp:term":[{"taxonomy":"product_brand","embeddable":true,"href":"https:\/\/aramiso-test.verteco.app\/index.php?rest_route=%2Fwp%2Fv2%2Fproduct_brand&post=13528"},{"taxonomy":"product_cat","embeddable":true,"href":"https:\/\/aramiso-test.verteco.app\/index.php?rest_route=%2Fwp%2Fv2%2Fproduct_cat&post=13528"},{"taxonomy":"product_tag","embeddable":true,"href":"https:\/\/aramiso-test.verteco.app\/index.php?rest_route=%2Fwp%2Fv2%2Fproduct_tag&post=13528"}],"curies":[{"name":"wp","href":"https:\/\/api.w.org\/{rel}","templated":true}]}}