{"id":13468,"date":"2025-08-03T13:26:30","date_gmt":"2025-08-03T13:26:30","guid":{"rendered":"https:\/\/aramiso-test.verteco.app\/?product=hlinikova-plotova-vypln-20x120x6000mm"},"modified":"2025-08-03T13:26:35","modified_gmt":"2025-08-03T13:26:35","slug":"hlinikova-plotova-vypln-20x120x6000mm","status":"publish","type":"product","link":"https:\/\/aramiso-test.verteco.app\/?product=hlinikova-plotova-vypln-20x120x6000mm","title":{"rendered":"Hlin\u00edkov\u00e1 plotov\u00e1 v\u00fdpl\u0148 20x120x6000mm"},"content":{"rendered":"<p>Hlin\u00edkov\u00e1 plotov\u00e1 v\u00fdpl\u0148 s rozmermi 20 x 120 x 6000 mm je ide\u00e1lna na vytv\u00e1ranie pln\u00fdch plotov, ktor\u00e9 pon\u00fakaj\u00fa maxim\u00e1lne s\u00fakromie a modern\u00fd vzh\u013ead. V\u010faka svojej d\u013a\u017eke 6000 mm ju \u013eahko prisp\u00f4sob\u00edte r\u00f4znym d\u013a\u017ekam. <\/p>\n<p>Plotov\u00e1 v\u00fdpl\u0148 je vyroben\u00e1 z kvalitn\u00e9ho <strong>hlin\u00edka EN AW-6060-T6<\/strong>, ktor\u00fd poskytuje vysok\u00fa odolnos\u0165 vo\u010di kor\u00f3zii a vplyvom po\u010dasia. Je \u0161peci\u00e1lne navrhnut\u00e1 pre vytv\u00e1ranie pln\u00fdch plotov, \u010d\u00edm zaru\u010duje maxim\u00e1lnu ochranu a s\u00fakromie.<br \/>\nLamely s\u00fa navrhnut\u00e9 tak, aby sa dali jednoducho sp\u00e1ja\u0165 do seba, \u010d\u00edm vytv\u00e1raj\u00fa jednotn\u00fd a kompaktn\u00fd vzh\u013ead bez vidite\u013en\u00fdch spojov \u010di medzier. Tento flexibiln\u00fd syst\u00e9m v\u00e1m umo\u017e\u0148uje vytv\u00e1ra\u0165 nekone\u010dn\u00e9 mo\u017enosti pri navrhovan\u00ed r\u00f4znych dizajnov. <\/p>\n<p>V\u00fdpl\u0148 je v elegantnej <strong>antracitovej farbe<\/strong>, ktor\u00e1 je ide\u00e1lna pre modern\u00e9 a nad\u010dasov\u00e9 exteri\u00e9ry. Povrch je pr\u00e1\u0161kovan\u00fd s jemnou text\u00farou, \u010do zvy\u0161uje jeho estetiku a z\u00e1rove\u0148 dod\u00e1va extra ochranu vo\u010di vonkaj\u0161\u00edm vplyvom. V\u010faka odoln\u00e9mu hlin\u00edku a pr\u00e1\u0161kovan\u00e9mu povrchu si nevy\u017eaduje plotov\u00e1 v\u00fdpl\u0148 n\u00e1ro\u010dn\u00fa \u00fadr\u017ebu. Odol\u00e1va hrdzi, slne\u010dn\u00e9mu \u017eiareniu a poveternostn\u00fdm vplyvom, \u010do zaru\u010duje jej dlh\u00fa \u017eivotnos\u0165.<\/p>\n<p> S d\u013a\u017ekou 6000 mm je v\u00fdpl\u0148 \u013eahko prisp\u00f4sobite\u013en\u00e1 r\u00f4znym d\u013a\u017ekam, \u010do umo\u017e\u0148uje jednoduch\u00fa mont\u00e1\u017e na mieru. \u010ci u\u017e potrebujete krat\u0161ie alebo dlh\u0161ie plotov\u00e9 sekcie, t\u00e1to v\u00fdpl\u0148 je mimoriadne flexibiln\u00e1.<\/p>\n","protected":false},"excerpt":{"rendered":"<p>Materi\u00e1l: Hlin\u00edk, Povrchov\u00e1 \u00faprava: Pr\u00e1\u0161kovan\u00fd s text\u00farou, Vzh\u013ead: Antracit RAL7016, L: 6000<\/p>\n","protected":false},"featured_media":0,"comment_status":"closed","ping_status":"open","template":"","meta":[],"product_brand":[],"product_cat":[15],"product_tag":[],"class_list":{"0":"post-13468","1":"product","2":"type-product","3":"status-publish","5":"product_cat-uncategorized","7":"first","8":"onbackorder","9":"sale","10":"purchasable","11":"product-type-simple"},"_links":{"self":[{"href":"https:\/\/aramiso-test.verteco.app\/index.php?rest_route=\/wp\/v2\/product\/13468","targetHints":{"allow":["GET"]}}],"collection":[{"href":"https:\/\/aramiso-test.verteco.app\/index.php?rest_route=\/wp\/v2\/product"}],"about":[{"href":"https:\/\/aramiso-test.verteco.app\/index.php?rest_route=\/wp\/v2\/types\/product"}],"replies":[{"embeddable":true,"href":"https:\/\/aramiso-test.verteco.app\/index.php?rest_route=%2Fwp%2Fv2%2Fcomments&post=13468"}],"wp:attachment":[{"href":"https:\/\/aramiso-test.verteco.app\/index.php?rest_route=%2Fwp%2Fv2%2Fmedia&parent=13468"}],"wp:term":[{"taxonomy":"product_brand","embeddable":true,"href":"https:\/\/aramiso-test.verteco.app\/index.php?rest_route=%2Fwp%2Fv2%2Fproduct_brand&post=13468"},{"taxonomy":"product_cat","embeddable":true,"href":"https:\/\/aramiso-test.verteco.app\/index.php?rest_route=%2Fwp%2Fv2%2Fproduct_cat&post=13468"},{"taxonomy":"product_tag","embeddable":true,"href":"https:\/\/aramiso-test.verteco.app\/index.php?rest_route=%2Fwp%2Fv2%2Fproduct_tag&post=13468"}],"curies":[{"name":"wp","href":"https:\/\/api.w.org\/{rel}","templated":true}]}}