{"id":13452,"date":"2025-10-26T12:52:55","date_gmt":"2025-10-26T12:52:55","guid":{"rendered":"https:\/\/aramiso-test.verteco.app\/?product=plotova-vzorka-1x09m-samostatne-stojaca"},"modified":"2025-10-26T12:53:00","modified_gmt":"2025-10-26T12:53:00","slug":"plotova-vzorka-1x09m-samostatne-stojaca","status":"publish","type":"product","link":"https:\/\/aramiso-test.verteco.app\/?product=plotova-vzorka-1x09m-samostatne-stojaca","title":{"rendered":"Plotov\u00e1 vzorka 1&#215;0,9m samostatne stojaca"},"content":{"rendered":"<p>T\u00e1to vzorka plotu je vyroben\u00e1 z r\u00f4znych druhov hlin\u00edkov\u00fdch lamiel, \u010do zabezpe\u010duje ich \u013eahkos\u0165, odolnos\u0165 vo\u010di poveternostn\u00fdm vplyvom a dlh\u00fa \u017eivotnos\u0165. Rozmery vzorky s\u00fa 1 m \u00d7 0,9 m, \u010do umo\u017e\u0148uje jednoduch\u00fa manipul\u00e1ciu a preh\u013eadn\u00fa prezent\u00e1ciu v\u00fdrobkov. Vzorka obsahuje st\u013apiky FG\/P50\u00d760. Lamely s\u00fa rovnomerne rozmiestnen\u00e9 a m\u00f4\u017eu by\u0165 dostupn\u00e9 v r\u00f4znych prevedeniach, farb\u00e1ch a povrchov\u00fdch \u00faprav\u00e1ch.<br \/>\nVzorka sl\u00fa\u017ei na uk\u00e1\u017eku kvality a dizajnu plotov\u00fdch panelov, pri\u010dom je vhodn\u00e1 na v\u00fdstavn\u00e9 \u00fa\u010dely, porovnanie farieb alebo ako vzorov\u00fd prvok pre z\u00e1kazn\u00edkov pri v\u00fdbere ide\u00e1lneho plotov\u00e9ho rie\u0161enia.<\/p>\n","protected":false},"excerpt":{"rendered":"<p>Materi\u00e1l: Hlin\u00edk, Povrchov\u00e1 \u00faprava: Pr\u00e1\u0161kovan\u00fd s text\u00farou<\/p>\n","protected":false},"featured_media":0,"comment_status":"closed","ping_status":"open","template":"","meta":[],"product_brand":[],"product_cat":[15],"product_tag":[],"class_list":{"0":"post-13452","1":"product","2":"type-product","3":"status-publish","5":"product_cat-uncategorized","7":"first","8":"instock","9":"sale","10":"purchasable","11":"product-type-simple"},"_links":{"self":[{"href":"https:\/\/aramiso-test.verteco.app\/index.php?rest_route=\/wp\/v2\/product\/13452","targetHints":{"allow":["GET"]}}],"collection":[{"href":"https:\/\/aramiso-test.verteco.app\/index.php?rest_route=\/wp\/v2\/product"}],"about":[{"href":"https:\/\/aramiso-test.verteco.app\/index.php?rest_route=\/wp\/v2\/types\/product"}],"replies":[{"embeddable":true,"href":"https:\/\/aramiso-test.verteco.app\/index.php?rest_route=%2Fwp%2Fv2%2Fcomments&post=13452"}],"wp:attachment":[{"href":"https:\/\/aramiso-test.verteco.app\/index.php?rest_route=%2Fwp%2Fv2%2Fmedia&parent=13452"}],"wp:term":[{"taxonomy":"product_brand","embeddable":true,"href":"https:\/\/aramiso-test.verteco.app\/index.php?rest_route=%2Fwp%2Fv2%2Fproduct_brand&post=13452"},{"taxonomy":"product_cat","embeddable":true,"href":"https:\/\/aramiso-test.verteco.app\/index.php?rest_route=%2Fwp%2Fv2%2Fproduct_cat&post=13452"},{"taxonomy":"product_tag","embeddable":true,"href":"https:\/\/aramiso-test.verteco.app\/index.php?rest_route=%2Fwp%2Fv2%2Fproduct_tag&post=13452"}],"curies":[{"name":"wp","href":"https:\/\/api.w.org\/{rel}","templated":true}]}}