{"id":13427,"date":"2025-09-03T11:14:33","date_gmt":"2025-09-03T11:14:33","guid":{"rendered":"https:\/\/aramiso-test.verteco.app\/?product=zaves-pruzinovy-jednostranny-aluminium-l180mm"},"modified":"2025-09-03T11:14:36","modified_gmt":"2025-09-03T11:14:36","slug":"zaves-pruzinovy-jednostranny-aluminium-l180mm","status":"publish","type":"product","link":"https:\/\/aramiso-test.verteco.app\/?product=zaves-pruzinovy-jednostranny-aluminium-l180mm","title":{"rendered":"Z\u00e1ves pru\u017einov\u00fd jednostrann\u00fd, Aluminium, L=180mm"},"content":{"rendered":"<p>Samozatv\u00e1rac\u00ed pru\u017einov\u00fd z\u00e1ves, jednostrann\u00fd, materi\u00e1l hlin\u00edk, farba &#8211; biela, v\u00fd\u0161ka 180mm. Mo\u017enos\u0165 nastavenia sily.<br \/>\nOdpor\u00fa\u010danie pri 2-kusoch z\u00e1vesov: v\u00e1ha dver\u00ed do 30kg<\/p>\n","protected":false},"excerpt":{"rendered":"<p>Materi\u00e1l: Hlin\u00edk, Povrchov\u00e1 \u00faprava: Farba, Hmotnos\u0165 br\u00e1ny Gmax\/Goptimal (kg): 30, Vzh\u013ead: Biela<\/p>\n","protected":false},"featured_media":0,"comment_status":"closed","ping_status":"open","template":"","meta":[],"product_brand":[],"product_cat":[15],"product_tag":[],"class_list":{"0":"post-13427","1":"product","2":"type-product","3":"status-publish","5":"product_cat-uncategorized","7":"first","8":"instock","9":"sale","10":"purchasable","11":"product-type-simple"},"_links":{"self":[{"href":"https:\/\/aramiso-test.verteco.app\/index.php?rest_route=\/wp\/v2\/product\/13427","targetHints":{"allow":["GET"]}}],"collection":[{"href":"https:\/\/aramiso-test.verteco.app\/index.php?rest_route=\/wp\/v2\/product"}],"about":[{"href":"https:\/\/aramiso-test.verteco.app\/index.php?rest_route=\/wp\/v2\/types\/product"}],"replies":[{"embeddable":true,"href":"https:\/\/aramiso-test.verteco.app\/index.php?rest_route=%2Fwp%2Fv2%2Fcomments&post=13427"}],"wp:attachment":[{"href":"https:\/\/aramiso-test.verteco.app\/index.php?rest_route=%2Fwp%2Fv2%2Fmedia&parent=13427"}],"wp:term":[{"taxonomy":"product_brand","embeddable":true,"href":"https:\/\/aramiso-test.verteco.app\/index.php?rest_route=%2Fwp%2Fv2%2Fproduct_brand&post=13427"},{"taxonomy":"product_cat","embeddable":true,"href":"https:\/\/aramiso-test.verteco.app\/index.php?rest_route=%2Fwp%2Fv2%2Fproduct_cat&post=13427"},{"taxonomy":"product_tag","embeddable":true,"href":"https:\/\/aramiso-test.verteco.app\/index.php?rest_route=%2Fwp%2Fv2%2Fproduct_tag&post=13427"}],"curies":[{"name":"wp","href":"https:\/\/api.w.org\/{rel}","templated":true}]}}