{"id":13404,"date":"2025-10-26T12:52:39","date_gmt":"2025-10-26T12:52:39","guid":{"rendered":"https:\/\/aramiso-test.verteco.app\/?product=obdlznikovy-hlinikovy-profil-9"},"modified":"2025-10-26T12:52:44","modified_gmt":"2025-10-26T12:52:44","slug":"obdlznikovy-hlinikovy-profil-9","status":"publish","type":"product","link":"https:\/\/aramiso-test.verteco.app\/?product=obdlznikovy-hlinikovy-profil-9","title":{"rendered":"Obd\u013a\u017enikov\u00fd hlin\u00edkov\u00fd profil"},"content":{"rendered":"<p>Pou\u017eitie hlin\u00edkov\u00fdch profilov na r\u00e1my br\u00e1n s\u00fa ide\u00e1lne z nieko\u013ek\u00fdch d\u00f4vodov:<br \/>\nPevnos\u0165 a stabilita<br \/>\nOdolnos\u0165 vo\u010di kor\u00f3zii<br \/>\n\u013dahk\u00e1 manipul\u00e1cia a mont\u00e1\u017e<br \/>\nEstetick\u00fd vzh\u013ead<br \/>\nTrvanlivos\u0165<br \/>\nBezpe\u010dnos\u0165<br \/>\nN\u00edzka \u00fadr\u017eba<\/p>\n","protected":false},"excerpt":{"rendered":"<p>Materi\u00e1l: Hlin\u00edk, Povrchov\u00e1 \u00faprava: Natural, Tvar prierezu: JPL profil, L: 6000, t: 3, a: 40, b: 50<\/p>\n","protected":false},"featured_media":0,"comment_status":"closed","ping_status":"open","template":"","meta":[],"product_brand":[],"product_cat":[15],"product_tag":[],"class_list":{"0":"post-13404","1":"product","2":"type-product","3":"status-publish","5":"product_cat-uncategorized","7":"first","8":"instock","9":"sale","10":"purchasable","11":"product-type-simple"},"_links":{"self":[{"href":"https:\/\/aramiso-test.verteco.app\/index.php?rest_route=\/wp\/v2\/product\/13404","targetHints":{"allow":["GET"]}}],"collection":[{"href":"https:\/\/aramiso-test.verteco.app\/index.php?rest_route=\/wp\/v2\/product"}],"about":[{"href":"https:\/\/aramiso-test.verteco.app\/index.php?rest_route=\/wp\/v2\/types\/product"}],"replies":[{"embeddable":true,"href":"https:\/\/aramiso-test.verteco.app\/index.php?rest_route=%2Fwp%2Fv2%2Fcomments&post=13404"}],"wp:attachment":[{"href":"https:\/\/aramiso-test.verteco.app\/index.php?rest_route=%2Fwp%2Fv2%2Fmedia&parent=13404"}],"wp:term":[{"taxonomy":"product_brand","embeddable":true,"href":"https:\/\/aramiso-test.verteco.app\/index.php?rest_route=%2Fwp%2Fv2%2Fproduct_brand&post=13404"},{"taxonomy":"product_cat","embeddable":true,"href":"https:\/\/aramiso-test.verteco.app\/index.php?rest_route=%2Fwp%2Fv2%2Fproduct_cat&post=13404"},{"taxonomy":"product_tag","embeddable":true,"href":"https:\/\/aramiso-test.verteco.app\/index.php?rest_route=%2Fwp%2Fv2%2Fproduct_tag&post=13404"}],"curies":[{"name":"wp","href":"https:\/\/api.w.org\/{rel}","templated":true}]}}