{"id":13324,"date":"2025-10-26T12:52:13","date_gmt":"2025-10-26T12:52:13","guid":{"rendered":"https:\/\/aramiso-test.verteco.app\/?product=asf-semafor-dvojkomorovy-cervena-zelena-0-230v-ac-dc-ip65"},"modified":"2025-10-26T12:52:15","modified_gmt":"2025-10-26T12:52:15","slug":"asf-semafor-dvojkomorovy-cervena-zelena-0-230v-ac-dc-ip65","status":"publish","type":"product","link":"https:\/\/aramiso-test.verteco.app\/?product=asf-semafor-dvojkomorovy-cervena-zelena-0-230v-ac-dc-ip65","title":{"rendered":"ASF semafor dvojkomorov\u00fd \u010derven\u00e1\/zelen\u00e1, 0-230V AC\/DC, IP65"},"content":{"rendered":"<div>\n<p><strong>CHR2LRV &#8211; Semafor Chronos<\/strong><\/p>\n<p>CHR2LRV je nastavite\u013en\u00fd oto\u010dn\u00fd semafor ur\u010den\u00fd na pou\u017eitie v reziden\u010dn\u00fdch a priemyseln\u00fdch oblastiach. Tento semafor je vybaven\u00fd univerz\u00e1lnou elektronikou a m\u00f4\u017ee by\u0165 nap\u00e1jan\u00fd na 24V alebo 230V AC\/DC bez nutnosti meni\u0165 nastavenia. V\u010faka svojej oto\u010dnej kon\u0161trukcii o 180\u00b0 je mo\u017en\u00e9 prisp\u00f4sobi\u0165 jeho poz\u00edciu pod\u013ea potreby, pri\u010dom m\u00e1 vysok\u00fd stupe\u0148 ochrany IP66, \u010do zaru\u010duje jeho odolnos\u0165 proti prachu a vode.<\/p>\n<p><strong>Technick\u00e9 parametre:<\/strong><\/p>\n<ul>\n<li>Nap\u00e4tie: 24V a\u017e 230V AC\/DC<\/li>\n<li>Pr\u00fad: 0.028 &#8211; 0.1 A<\/li>\n<li>V\u00fdkon: 2 &#8211; 5W<\/li>\n<li>\u017divotnos\u0165: 50,000 hod\u00edn<\/li>\n<li>Intenzita osvetlenia: 122 Lux<\/li>\n<li>Stupe\u0148 ochrany: IP66<\/li>\n<li>Prev\u00e1dzkov\u00e1 teplota: -20\u00b0C a\u017e +55\u00b0C<\/li>\n<li>Oto\u010dn\u00fd uhol: 180\u00b0<\/li>\n<li>Hmotnos\u0165: 1.5 &#8211; 3.5 kg<\/li>\n<\/ul>\n<p><strong>Vyu\u017eitie:<\/strong><\/p>\n<p>CHR2LRV je ide\u00e1lny pre riadenie dopravy v priemyseln\u00fdch are\u00e1loch, parkovisk\u00e1ch alebo s\u00fakromn\u00fdch cest\u00e1ch. Jeho odoln\u00fd dizajn zaru\u010duje dlhodob\u00fa spo\u013eahlivos\u0165 aj v n\u00e1ro\u010dn\u00fdch klimatick\u00fdch podmienkach, pri\u010dom umo\u017e\u0148uje jednoduch\u00fa in\u0161tal\u00e1ciu a pripojenie.<\/p>\n<\/div>\n","protected":false},"excerpt":{"rendered":"<p>Zna\u010dka: Stagnoli<\/p>\n","protected":false},"featured_media":0,"comment_status":"closed","ping_status":"open","template":"","meta":[],"product_brand":[],"product_cat":[15],"product_tag":[],"class_list":{"0":"post-13324","1":"product","2":"type-product","3":"status-publish","5":"product_cat-uncategorized","7":"first","8":"onbackorder","9":"sale","10":"purchasable","11":"product-type-simple"},"_links":{"self":[{"href":"https:\/\/aramiso-test.verteco.app\/index.php?rest_route=\/wp\/v2\/product\/13324","targetHints":{"allow":["GET"]}}],"collection":[{"href":"https:\/\/aramiso-test.verteco.app\/index.php?rest_route=\/wp\/v2\/product"}],"about":[{"href":"https:\/\/aramiso-test.verteco.app\/index.php?rest_route=\/wp\/v2\/types\/product"}],"replies":[{"embeddable":true,"href":"https:\/\/aramiso-test.verteco.app\/index.php?rest_route=%2Fwp%2Fv2%2Fcomments&post=13324"}],"wp:attachment":[{"href":"https:\/\/aramiso-test.verteco.app\/index.php?rest_route=%2Fwp%2Fv2%2Fmedia&parent=13324"}],"wp:term":[{"taxonomy":"product_brand","embeddable":true,"href":"https:\/\/aramiso-test.verteco.app\/index.php?rest_route=%2Fwp%2Fv2%2Fproduct_brand&post=13324"},{"taxonomy":"product_cat","embeddable":true,"href":"https:\/\/aramiso-test.verteco.app\/index.php?rest_route=%2Fwp%2Fv2%2Fproduct_cat&post=13324"},{"taxonomy":"product_tag","embeddable":true,"href":"https:\/\/aramiso-test.verteco.app\/index.php?rest_route=%2Fwp%2Fv2%2Fproduct_tag&post=13324"}],"curies":[{"name":"wp","href":"https:\/\/api.w.org\/{rel}","templated":true}]}}