{"id":13323,"date":"2025-10-26T12:52:13","date_gmt":"2025-10-26T12:52:13","guid":{"rendered":"https:\/\/aramiso-test.verteco.app\/?product=asf-semafor-jednokomorovy-cervena-zelena-hlinikovy-kryt-24v-dc-ip65"},"modified":"2025-10-26T12:52:15","modified_gmt":"2025-10-26T12:52:15","slug":"asf-semafor-jednokomorovy-cervena-zelena-hlinikovy-kryt-24v-dc-ip65","status":"publish","type":"product","link":"https:\/\/aramiso-test.verteco.app\/?product=asf-semafor-jednokomorovy-cervena-zelena-hlinikovy-kryt-24v-dc-ip65","title":{"rendered":"ASF semafor jednokomorov\u00fd \u010derven\u00e1\/zelen\u00e1, hlinikov\u00fd kryt, 24V DC, IP65"},"content":{"rendered":"<p><strong>ASF50L1RV &#8211; Semafor Apollo<\/strong><\/p>\n<p>ASF50L1RV je vysokokvalitn\u00fd semafor navrhnut\u00fd pre riadenie dopravy v s\u00fakromn\u00fdch oblastiach, ako s\u00fa parkovisk\u00e1 a jednosmern\u00e9 komunik\u00e1cie. Tento semafor nie je ur\u010den\u00fd pre pou\u017eitie na verejn\u00fdch cest\u00e1ch.<\/p>\n<p><strong>Technick\u00e9 parametre:<\/strong><\/p>\n<ul>\n<li>Typ osvetlenia: 50 LED s \u010derven\u00fdm a zelen\u00fdm svetlom<\/li>\n<li>Nap\u00e1janie: 230V alebo 24V AC\/DC<\/li>\n<li>Pr\u00edkon: 3W<\/li>\n<li>Svietivos\u0165: 250 Lm<\/li>\n<li>Stupe\u0148 ochrany: IP65 (odolnos\u0165 vo\u010di prachu a vode)<\/li>\n<li>Prev\u00e1dzkov\u00e1 teplota: -20\u00b0C a\u017e +55\u00b0C<\/li>\n<li>Rozmery: 284 mm x 213,5 mm x 62 mm<\/li>\n<\/ul>\n<p><strong>Vyu\u017eitie:<\/strong><\/p>\n<p>ASF50L1RV je ide\u00e1lny pre bezpe\u010dn\u00e9 a efekt\u00edvne riadenie dopravy na parkovisk\u00e1ch, v s\u00fakromn\u00fdch obytn\u00fdch z\u00f3nach alebo v in\u00fdch podobn\u00fdch lokalit\u00e1ch. Tento semafor je jednoduch\u00fd na in\u0161tal\u00e1ciu a spo\u013eahliv\u00fd v r\u00f4znych klimatick\u00fdch podmienkach.<\/p>\n","protected":false},"excerpt":{"rendered":"<p>Zna\u010dka: Stagnoli<\/p>\n","protected":false},"featured_media":0,"comment_status":"closed","ping_status":"open","template":"","meta":[],"product_brand":[],"product_cat":[15],"product_tag":[],"class_list":{"0":"post-13323","1":"product","2":"type-product","3":"status-publish","5":"product_cat-uncategorized","7":"first","8":"onbackorder","9":"sale","10":"purchasable","11":"product-type-simple"},"_links":{"self":[{"href":"https:\/\/aramiso-test.verteco.app\/index.php?rest_route=\/wp\/v2\/product\/13323","targetHints":{"allow":["GET"]}}],"collection":[{"href":"https:\/\/aramiso-test.verteco.app\/index.php?rest_route=\/wp\/v2\/product"}],"about":[{"href":"https:\/\/aramiso-test.verteco.app\/index.php?rest_route=\/wp\/v2\/types\/product"}],"replies":[{"embeddable":true,"href":"https:\/\/aramiso-test.verteco.app\/index.php?rest_route=%2Fwp%2Fv2%2Fcomments&post=13323"}],"wp:attachment":[{"href":"https:\/\/aramiso-test.verteco.app\/index.php?rest_route=%2Fwp%2Fv2%2Fmedia&parent=13323"}],"wp:term":[{"taxonomy":"product_brand","embeddable":true,"href":"https:\/\/aramiso-test.verteco.app\/index.php?rest_route=%2Fwp%2Fv2%2Fproduct_brand&post=13323"},{"taxonomy":"product_cat","embeddable":true,"href":"https:\/\/aramiso-test.verteco.app\/index.php?rest_route=%2Fwp%2Fv2%2Fproduct_cat&post=13323"},{"taxonomy":"product_tag","embeddable":true,"href":"https:\/\/aramiso-test.verteco.app\/index.php?rest_route=%2Fwp%2Fv2%2Fproduct_tag&post=13323"}],"curies":[{"name":"wp","href":"https:\/\/api.w.org\/{rel}","templated":true}]}}