{"id":13322,"date":"2025-08-03T13:24:02","date_gmt":"2025-08-03T13:24:02","guid":{"rendered":"https:\/\/aramiso-test.verteco.app\/?product=spigot-nastavitelny-kotviaci-stlpik-pre-sklo-6"},"modified":"2025-08-03T13:24:07","modified_gmt":"2025-08-03T13:24:07","slug":"spigot-nastavitelny-kotviaci-stlpik-pre-sklo-6","status":"publish","type":"product","link":"https:\/\/aramiso-test.verteco.app\/?product=spigot-nastavitelny-kotviaci-stlpik-pre-sklo-6","title":{"rendered":"Spigot nastavitelny &#8211; kotviaci st\u013apik pre sklo"},"content":{"rendered":"<p>Spigot &#8211; \u0161peci\u00e1lny st\u013apik na \u00fachyt skla ( bez nutnosti otvoru v skle), poistenie skla &#8211; zvern\u00fd spoj, nastavite\u013en\u00fd sklon skla. Doporu\u010den\u00e9 pou\u017eitie madla na sklo.<\/p>\n","protected":false},"excerpt":{"rendered":"<p>Materi\u00e1l: Nerez AISI 316, Povrchov\u00e1 \u00faprava: Brus, Glass t: 16,76-21,52, Kotvenie: Zhora, G\/h kN: 1<\/p>\n","protected":false},"featured_media":0,"comment_status":"closed","ping_status":"open","template":"","meta":[],"product_brand":[],"product_cat":[15],"product_tag":[],"class_list":{"0":"post-13322","1":"product","2":"type-product","3":"status-publish","5":"product_cat-uncategorized","7":"first","8":"instock","9":"sale","10":"purchasable","11":"product-type-simple"},"_links":{"self":[{"href":"https:\/\/aramiso-test.verteco.app\/index.php?rest_route=\/wp\/v2\/product\/13322","targetHints":{"allow":["GET"]}}],"collection":[{"href":"https:\/\/aramiso-test.verteco.app\/index.php?rest_route=\/wp\/v2\/product"}],"about":[{"href":"https:\/\/aramiso-test.verteco.app\/index.php?rest_route=\/wp\/v2\/types\/product"}],"replies":[{"embeddable":true,"href":"https:\/\/aramiso-test.verteco.app\/index.php?rest_route=%2Fwp%2Fv2%2Fcomments&post=13322"}],"wp:attachment":[{"href":"https:\/\/aramiso-test.verteco.app\/index.php?rest_route=%2Fwp%2Fv2%2Fmedia&parent=13322"}],"wp:term":[{"taxonomy":"product_brand","embeddable":true,"href":"https:\/\/aramiso-test.verteco.app\/index.php?rest_route=%2Fwp%2Fv2%2Fproduct_brand&post=13322"},{"taxonomy":"product_cat","embeddable":true,"href":"https:\/\/aramiso-test.verteco.app\/index.php?rest_route=%2Fwp%2Fv2%2Fproduct_cat&post=13322"},{"taxonomy":"product_tag","embeddable":true,"href":"https:\/\/aramiso-test.verteco.app\/index.php?rest_route=%2Fwp%2Fv2%2Fproduct_tag&post=13322"}],"curies":[{"name":"wp","href":"https:\/\/api.w.org\/{rel}","templated":true}]}}