{"id":13321,"date":"2025-10-26T12:52:13","date_gmt":"2025-10-26T12:52:13","guid":{"rendered":"https:\/\/aramiso-test.verteco.app\/?product=spigot-nastavitelny-kotviaci-stlpik-pre-sklo-5"},"modified":"2025-10-26T12:52:13","modified_gmt":"2025-10-26T12:52:13","slug":"spigot-nastavitelny-kotviaci-stlpik-pre-sklo-5","status":"publish","type":"product","link":"https:\/\/aramiso-test.verteco.app\/?product=spigot-nastavitelny-kotviaci-stlpik-pre-sklo-5","title":{"rendered":"Spigot nastavitelny &#8211; kotviaci st\u013apik pre sklo"},"content":{"rendered":"<p>Spigot je \u0161peci\u00e1lny typ dr\u017eiaka pou\u017e\u00edvan\u00fd na upevnenie skla bez nutnosti otvoru v skle. Tento prvok je navrhnut\u00fd tak, aby poskytoval estetick\u00e9 a bezpe\u010dn\u00e9 upevnenie skla bez potreby r\u00e1mov alebo in\u00fdch podporn\u00fdch kon\u0161trukci\u00ed. Dizajn je zvy\u010dajne minimalistick\u00fd a najmenej n\u00e1padn\u00fd, k spigotom sa doporu\u010duje pou\u017ei\u0165 madla na sklo. Uchytenie skla je dosiahnut\u00e9 pomocou zvern\u00e9h spoja. Spigot je nastavite\u013en\u00fd, \u010do umo\u017e\u0148uje nastavenie sklonu skla.<\/p>\n","protected":false},"excerpt":{"rendered":"<p>Materi\u00e1l: Nerez 2205, Povrchov\u00e1 \u00faprava: Brus, Glass t: 16,76-21,52, Kotvenie: Zhora, G\/h kN: 1<\/p>\n","protected":false},"featured_media":0,"comment_status":"closed","ping_status":"open","template":"","meta":[],"product_brand":[],"product_cat":[15],"product_tag":[],"class_list":{"0":"post-13321","1":"product","2":"type-product","3":"status-publish","5":"product_cat-uncategorized","7":"first","8":"instock","9":"sale","10":"purchasable","11":"product-type-simple"},"_links":{"self":[{"href":"https:\/\/aramiso-test.verteco.app\/index.php?rest_route=\/wp\/v2\/product\/13321","targetHints":{"allow":["GET"]}}],"collection":[{"href":"https:\/\/aramiso-test.verteco.app\/index.php?rest_route=\/wp\/v2\/product"}],"about":[{"href":"https:\/\/aramiso-test.verteco.app\/index.php?rest_route=\/wp\/v2\/types\/product"}],"replies":[{"embeddable":true,"href":"https:\/\/aramiso-test.verteco.app\/index.php?rest_route=%2Fwp%2Fv2%2Fcomments&post=13321"}],"wp:attachment":[{"href":"https:\/\/aramiso-test.verteco.app\/index.php?rest_route=%2Fwp%2Fv2%2Fmedia&parent=13321"}],"wp:term":[{"taxonomy":"product_brand","embeddable":true,"href":"https:\/\/aramiso-test.verteco.app\/index.php?rest_route=%2Fwp%2Fv2%2Fproduct_brand&post=13321"},{"taxonomy":"product_cat","embeddable":true,"href":"https:\/\/aramiso-test.verteco.app\/index.php?rest_route=%2Fwp%2Fv2%2Fproduct_cat&post=13321"},{"taxonomy":"product_tag","embeddable":true,"href":"https:\/\/aramiso-test.verteco.app\/index.php?rest_route=%2Fwp%2Fv2%2Fproduct_tag&post=13321"}],"curies":[{"name":"wp","href":"https:\/\/api.w.org\/{rel}","templated":true}]}}