{"id":13311,"date":"2025-08-03T13:22:49","date_gmt":"2025-08-03T13:22:49","guid":{"rendered":"https:\/\/aramiso-test.verteco.app\/?product=tesnenie-4-5mm-plotovej-vyplne"},"modified":"2025-08-03T13:23:02","modified_gmt":"2025-08-03T13:23:02","slug":"tesnenie-4-5mm-plotovej-vyplne","status":"publish","type":"product","link":"https:\/\/aramiso-test.verteco.app\/?product=tesnenie-4-5mm-plotovej-vyplne","title":{"rendered":"Tesnenie 4-5mm plotovej v\u00fdplne"},"content":{"rendered":"<p>Tesniaca guma na sklo T 4-6mm &#8211; AL li\u0161ta v U profile alebo st\u013apiku.<\/p>\n","protected":false},"excerpt":{"rendered":"<p>Materi\u00e1l: EPDM, Vzh\u013ead: \u010cierna<\/p>\n","protected":false},"featured_media":0,"comment_status":"closed","ping_status":"open","template":"","meta":[],"product_brand":[],"product_cat":[15],"product_tag":[],"class_list":{"0":"post-13311","1":"product","2":"type-product","3":"status-publish","5":"product_cat-uncategorized","7":"first","8":"onbackorder","9":"sale","10":"purchasable","11":"product-type-simple"},"_links":{"self":[{"href":"https:\/\/aramiso-test.verteco.app\/index.php?rest_route=\/wp\/v2\/product\/13311","targetHints":{"allow":["GET"]}}],"collection":[{"href":"https:\/\/aramiso-test.verteco.app\/index.php?rest_route=\/wp\/v2\/product"}],"about":[{"href":"https:\/\/aramiso-test.verteco.app\/index.php?rest_route=\/wp\/v2\/types\/product"}],"replies":[{"embeddable":true,"href":"https:\/\/aramiso-test.verteco.app\/index.php?rest_route=%2Fwp%2Fv2%2Fcomments&post=13311"}],"wp:attachment":[{"href":"https:\/\/aramiso-test.verteco.app\/index.php?rest_route=%2Fwp%2Fv2%2Fmedia&parent=13311"}],"wp:term":[{"taxonomy":"product_brand","embeddable":true,"href":"https:\/\/aramiso-test.verteco.app\/index.php?rest_route=%2Fwp%2Fv2%2Fproduct_brand&post=13311"},{"taxonomy":"product_cat","embeddable":true,"href":"https:\/\/aramiso-test.verteco.app\/index.php?rest_route=%2Fwp%2Fv2%2Fproduct_cat&post=13311"},{"taxonomy":"product_tag","embeddable":true,"href":"https:\/\/aramiso-test.verteco.app\/index.php?rest_route=%2Fwp%2Fv2%2Fproduct_tag&post=13311"}],"curies":[{"name":"wp","href":"https:\/\/api.w.org\/{rel}","templated":true}]}}