{"id":13304,"date":"2025-08-03T13:22:49","date_gmt":"2025-08-03T13:22:49","guid":{"rendered":"https:\/\/aramiso-test.verteco.app\/?product=dizajnovy-3d-plech-t12mm-zn"},"modified":"2025-08-03T13:22:59","modified_gmt":"2025-08-03T13:22:59","slug":"dizajnovy-3d-plech-t12mm-zn","status":"publish","type":"product","link":"https:\/\/aramiso-test.verteco.app\/?product=dizajnovy-3d-plech-t12mm-zn","title":{"rendered":"Dizajnov\u00fd 3D plech, t1,2mm &#8211; Zn"},"content":{"rendered":"<p>Bez oh\u013eadu na typ budovy, \u010di u\u017e obytn\u00fa, priemyseln\u00fa alebo kancel\u00e1rsku, vonkaj\u0161\u00ed vzh\u013ead je v\u017edy vn\u00edman\u00fd ako v\u00fdkladn\u00e1 skri\u0148a.<br \/>\nDekor\u00e1cia fas\u00e1dy by preto nemala sp\u00e1ja\u0165 len technick\u00e9 vlastnosti, ale aj estetick\u00e9 hodnoty. Na\u0161a ponuka zah\u0155\u0148a r\u00f4zne formy povrchovej \u00fapravy stien, vr\u00e1tane dekora\u010dn\u00fdch panelov a 3D panelov.<br \/>\nDekorat\u00edvne 3D oce\u013eov\u00e9 panely &#8211; predefinuj\u00fa pole pridan\u00edm uhladen\u00e9ho dizajnu a v\u0161estrannosti v interi\u00e9ri aj exteri\u00e9ri.<br \/>\nS\u00fa vyroben\u00e9 z vysokokvalitn\u00e9ho pozinkovan\u00e9ho plechu a pon\u00fakaj\u00fa modern\u00e9 rie\u0161enie architektonick\u00fdch dekor\u00e1ci\u00ed, ktor\u00e9 m\u00f4\u017eu vnies\u0165 do priestorov sofistikovanos\u0165 a z\u00e1rove\u0148 pon\u00fakaj\u00fa \u0161truktur\u00e1lnu pevnos\u0165 a odolnos\u0165 vo\u010di poveternostn\u00fdm vplyvom.<br \/>\n\u010ci u\u017e s\u00fa tieto oce\u013eov\u00e9 panely in\u0161talovan\u00e9 ako obklady stien, rozde\u013eova\u010de miestnost\u00ed, v\u00fdplne br\u00e1n \u010di dver\u00ed alebo pridan\u00e9 akcenty, bez probl\u00e9mov mie\u0161aj\u00fa o\u010daruj\u00faci \u0161t\u00fdl s utilit\u00e1rnou u\u017eito\u010dnos\u0165ou, \u010do umo\u017e\u0148uje architektom vytv\u00e1ra\u0165 o\u010daruj\u00face a jedine\u010dn\u00e9 priestory.<\/p>\n","protected":false},"excerpt":{"rendered":"<p>Materi\u00e1l: Oce\u013e, Povrchov\u00e1 \u00faprava: Zinok, t: 1,2, A: 1000, B: 2000<\/p>\n","protected":false},"featured_media":0,"comment_status":"closed","ping_status":"open","template":"","meta":[],"product_brand":[],"product_cat":[15],"product_tag":[],"class_list":{"0":"post-13304","1":"product","2":"type-product","3":"status-publish","5":"product_cat-uncategorized","7":"first","8":"onbackorder","9":"sale","10":"purchasable","11":"product-type-simple"},"_links":{"self":[{"href":"https:\/\/aramiso-test.verteco.app\/index.php?rest_route=\/wp\/v2\/product\/13304","targetHints":{"allow":["GET"]}}],"collection":[{"href":"https:\/\/aramiso-test.verteco.app\/index.php?rest_route=\/wp\/v2\/product"}],"about":[{"href":"https:\/\/aramiso-test.verteco.app\/index.php?rest_route=\/wp\/v2\/types\/product"}],"replies":[{"embeddable":true,"href":"https:\/\/aramiso-test.verteco.app\/index.php?rest_route=%2Fwp%2Fv2%2Fcomments&post=13304"}],"wp:attachment":[{"href":"https:\/\/aramiso-test.verteco.app\/index.php?rest_route=%2Fwp%2Fv2%2Fmedia&parent=13304"}],"wp:term":[{"taxonomy":"product_brand","embeddable":true,"href":"https:\/\/aramiso-test.verteco.app\/index.php?rest_route=%2Fwp%2Fv2%2Fproduct_brand&post=13304"},{"taxonomy":"product_cat","embeddable":true,"href":"https:\/\/aramiso-test.verteco.app\/index.php?rest_route=%2Fwp%2Fv2%2Fproduct_cat&post=13304"},{"taxonomy":"product_tag","embeddable":true,"href":"https:\/\/aramiso-test.verteco.app\/index.php?rest_route=%2Fwp%2Fv2%2Fproduct_tag&post=13304"}],"curies":[{"name":"wp","href":"https:\/\/api.w.org\/{rel}","templated":true}]}}