{"id":13279,"date":"2025-08-25T11:34:59","date_gmt":"2025-08-25T11:34:59","guid":{"rendered":"https:\/\/aramiso-test.verteco.app\/?product=celosklenene-zabradlie-profil-duty-vrchne-kotvenie-39"},"modified":"2025-08-25T11:35:00","modified_gmt":"2025-08-25T11:35:00","slug":"celosklenene-zabradlie-profil-duty-vrchne-kotvenie-39","status":"publish","type":"product","link":"https:\/\/aramiso-test.verteco.app\/?product=celosklenene-zabradlie-profil-duty-vrchne-kotvenie-39","title":{"rendered":"Celosklenen\u00e9 z\u00e1bradlie-profil dut\u00fd-vrchn\u00e9 kotvenie"},"content":{"rendered":"","protected":false},"excerpt":{"rendered":"<p>Materi\u00e1l: Hlin\u00edk, Povrchov\u00e1 \u00faprava: Natural-ELOX, Glass t: 16,76-31,52, L: 2500, Kotvenie: Zhora, G\/h kN: 3<\/p>\n","protected":false},"featured_media":0,"comment_status":"closed","ping_status":"open","template":"","meta":[],"product_brand":[],"product_cat":[15],"product_tag":[],"class_list":{"0":"post-13279","1":"product","2":"type-product","3":"status-publish","5":"product_cat-uncategorized","7":"first","8":"instock","9":"sale","10":"purchasable","11":"product-type-simple"},"_links":{"self":[{"href":"https:\/\/aramiso-test.verteco.app\/index.php?rest_route=\/wp\/v2\/product\/13279","targetHints":{"allow":["GET"]}}],"collection":[{"href":"https:\/\/aramiso-test.verteco.app\/index.php?rest_route=\/wp\/v2\/product"}],"about":[{"href":"https:\/\/aramiso-test.verteco.app\/index.php?rest_route=\/wp\/v2\/types\/product"}],"replies":[{"embeddable":true,"href":"https:\/\/aramiso-test.verteco.app\/index.php?rest_route=%2Fwp%2Fv2%2Fcomments&post=13279"}],"wp:attachment":[{"href":"https:\/\/aramiso-test.verteco.app\/index.php?rest_route=%2Fwp%2Fv2%2Fmedia&parent=13279"}],"wp:term":[{"taxonomy":"product_brand","embeddable":true,"href":"https:\/\/aramiso-test.verteco.app\/index.php?rest_route=%2Fwp%2Fv2%2Fproduct_brand&post=13279"},{"taxonomy":"product_cat","embeddable":true,"href":"https:\/\/aramiso-test.verteco.app\/index.php?rest_route=%2Fwp%2Fv2%2Fproduct_cat&post=13279"},{"taxonomy":"product_tag","embeddable":true,"href":"https:\/\/aramiso-test.verteco.app\/index.php?rest_route=%2Fwp%2Fv2%2Fproduct_tag&post=13279"}],"curies":[{"name":"wp","href":"https:\/\/api.w.org\/{rel}","templated":true}]}}