{"id":13263,"date":"2025-10-26T12:51:01","date_gmt":"2025-10-26T12:51:01","guid":{"rendered":"https:\/\/aramiso-test.verteco.app\/?product=celosklenene-zabradlie-profil-bocne-kotvenie-26"},"modified":"2025-10-26T12:51:04","modified_gmt":"2025-10-26T12:51:04","slug":"celosklenene-zabradlie-profil-bocne-kotvenie-26","status":"publish","type":"product","link":"https:\/\/aramiso-test.verteco.app\/?product=celosklenene-zabradlie-profil-bocne-kotvenie-26","title":{"rendered":"Celosklenen\u00e9 z\u00e1bradlie-profil-bo\u010dn\u00e9 kotvenie"},"content":{"rendered":"<p>Vonkaj\u0161\u00ed 90\u00b0 roh  pre profil AL\/0005-UNO-&#8230;S-E<\/p>\n","protected":false},"excerpt":{"rendered":"<p>Materi\u00e1l: Hlin\u00edk, Povrchov\u00e1 \u00faprava: Satin-ELOX, Glass t: 12-17,52, Kotvenie: Z boku<\/p>\n","protected":false},"featured_media":0,"comment_status":"closed","ping_status":"open","template":"","meta":[],"product_brand":[],"product_cat":[15],"product_tag":[],"class_list":{"0":"post-13263","1":"product","2":"type-product","3":"status-publish","5":"product_cat-uncategorized","7":"first","8":"instock","9":"sale","10":"purchasable","11":"product-type-simple"},"_links":{"self":[{"href":"https:\/\/aramiso-test.verteco.app\/index.php?rest_route=\/wp\/v2\/product\/13263","targetHints":{"allow":["GET"]}}],"collection":[{"href":"https:\/\/aramiso-test.verteco.app\/index.php?rest_route=\/wp\/v2\/product"}],"about":[{"href":"https:\/\/aramiso-test.verteco.app\/index.php?rest_route=\/wp\/v2\/types\/product"}],"replies":[{"embeddable":true,"href":"https:\/\/aramiso-test.verteco.app\/index.php?rest_route=%2Fwp%2Fv2%2Fcomments&post=13263"}],"wp:attachment":[{"href":"https:\/\/aramiso-test.verteco.app\/index.php?rest_route=%2Fwp%2Fv2%2Fmedia&parent=13263"}],"wp:term":[{"taxonomy":"product_brand","embeddable":true,"href":"https:\/\/aramiso-test.verteco.app\/index.php?rest_route=%2Fwp%2Fv2%2Fproduct_brand&post=13263"},{"taxonomy":"product_cat","embeddable":true,"href":"https:\/\/aramiso-test.verteco.app\/index.php?rest_route=%2Fwp%2Fv2%2Fproduct_cat&post=13263"},{"taxonomy":"product_tag","embeddable":true,"href":"https:\/\/aramiso-test.verteco.app\/index.php?rest_route=%2Fwp%2Fv2%2Fproduct_tag&post=13263"}],"curies":[{"name":"wp","href":"https:\/\/api.w.org\/{rel}","templated":true}]}}