{"id":13225,"date":"2025-10-26T12:50:46","date_gmt":"2025-10-26T12:50:46","guid":{"rendered":"https:\/\/aramiso-test.verteco.app\/?product=celosklenene-zabradlie-profil-duty-vrchne-kotvenie-28"},"modified":"2025-10-26T12:50:53","modified_gmt":"2025-10-26T12:50:53","slug":"celosklenene-zabradlie-profil-duty-vrchne-kotvenie-28","status":"publish","type":"product","link":"https:\/\/aramiso-test.verteco.app\/?product=celosklenene-zabradlie-profil-duty-vrchne-kotvenie-28","title":{"rendered":"Celosklenen\u00e9 z\u00e1bradlie-profil dut\u00fd-vrchn\u00e9 kotvenie"},"content":{"rendered":"<p>Al. kotviaci profil ELOX 130\/60mm pre sklo T=16,76 a\u017e 21,52mm, kotvenie z vrchu do podlahy, nastavite\u013en\u00fd sklon skla. Dod\u00e1van\u00e9 v d\u013a\u017ekach L2500mm (13ks otvorov d14mm pre kotvenie). Dod\u00e1van\u00e9 bez tesnen\u00ed.Povrchov\u00e1 \u00faprava ELOX &#8211; brus.<br \/>\n<br \/>\n<iframe width=\"560\" height=\"315\" src=\"https:\/\/www.youtube.com\/embed\/jEtlSyBfEy0\" title=\"YouTube video player\" frameborder=\"0\" allow=\"accelerometer; autoplay; clipboard-write; encrypted-media; gyroscope; picture-in-picture; web-share\" allowfullscreen><\/iframe><\/p>\n","protected":false},"excerpt":{"rendered":"<p>Materi\u00e1l: Hlin\u00edk, Povrchov\u00e1 \u00faprava: Satin-ELOX, Glass t: 16,76-21,52, L: 2500, Kotvenie: Zhora, G\/h kN: 1<\/p>\n","protected":false},"featured_media":0,"comment_status":"closed","ping_status":"open","template":"","meta":[],"product_brand":[],"product_cat":[15],"product_tag":[],"class_list":{"0":"post-13225","1":"product","2":"type-product","3":"status-publish","5":"product_cat-uncategorized","7":"first","8":"instock","9":"sale","10":"purchasable","11":"product-type-simple"},"_links":{"self":[{"href":"https:\/\/aramiso-test.verteco.app\/index.php?rest_route=\/wp\/v2\/product\/13225","targetHints":{"allow":["GET"]}}],"collection":[{"href":"https:\/\/aramiso-test.verteco.app\/index.php?rest_route=\/wp\/v2\/product"}],"about":[{"href":"https:\/\/aramiso-test.verteco.app\/index.php?rest_route=\/wp\/v2\/types\/product"}],"replies":[{"embeddable":true,"href":"https:\/\/aramiso-test.verteco.app\/index.php?rest_route=%2Fwp%2Fv2%2Fcomments&post=13225"}],"wp:attachment":[{"href":"https:\/\/aramiso-test.verteco.app\/index.php?rest_route=%2Fwp%2Fv2%2Fmedia&parent=13225"}],"wp:term":[{"taxonomy":"product_brand","embeddable":true,"href":"https:\/\/aramiso-test.verteco.app\/index.php?rest_route=%2Fwp%2Fv2%2Fproduct_brand&post=13225"},{"taxonomy":"product_cat","embeddable":true,"href":"https:\/\/aramiso-test.verteco.app\/index.php?rest_route=%2Fwp%2Fv2%2Fproduct_cat&post=13225"},{"taxonomy":"product_tag","embeddable":true,"href":"https:\/\/aramiso-test.verteco.app\/index.php?rest_route=%2Fwp%2Fv2%2Fproduct_tag&post=13225"}],"curies":[{"name":"wp","href":"https:\/\/api.w.org\/{rel}","templated":true}]}}