{"id":13203,"date":"2025-10-26T12:50:38","date_gmt":"2025-10-26T12:50:38","guid":{"rendered":"https:\/\/aramiso-test.verteco.app\/?product=celosklenene-zabradlie-profil-bocne-kotvenie-16"},"modified":"2025-10-26T12:50:42","modified_gmt":"2025-10-26T12:50:42","slug":"celosklenene-zabradlie-profil-bocne-kotvenie-16","status":"publish","type":"product","link":"https:\/\/aramiso-test.verteco.app\/?product=celosklenene-zabradlie-profil-bocne-kotvenie-16","title":{"rendered":"Celosklenen\u00e9 z\u00e1bradlie-profil-bo\u010dn\u00e9 kotvenie"},"content":{"rendered":"<p>AL kotviaci profil pre sklo, bo\u010dn\u00e9 kotvenie, povrch br\u00fasen\u00fd a eloxovan\u00fd, bez pr\u00edslu\u0161enstva.<\/p>\n","protected":false},"excerpt":{"rendered":"<p>Materi\u00e1l: Hlin\u00edk, Povrchov\u00e1 \u00faprava: Satin-ELOX, Glass t: 12,00-21,52, Vzh\u013ead: \u010cierna, L: 5000, Kotvenie: Z boku, L1: 100, G\/h kN: 3<\/p>\n","protected":false},"featured_media":0,"comment_status":"closed","ping_status":"open","template":"","meta":[],"product_brand":[],"product_cat":[15],"product_tag":[],"class_list":{"0":"post-13203","1":"product","2":"type-product","3":"status-publish","5":"product_cat-uncategorized","7":"first","8":"onbackorder","9":"sale","10":"purchasable","11":"product-type-simple"},"_links":{"self":[{"href":"https:\/\/aramiso-test.verteco.app\/index.php?rest_route=\/wp\/v2\/product\/13203","targetHints":{"allow":["GET"]}}],"collection":[{"href":"https:\/\/aramiso-test.verteco.app\/index.php?rest_route=\/wp\/v2\/product"}],"about":[{"href":"https:\/\/aramiso-test.verteco.app\/index.php?rest_route=\/wp\/v2\/types\/product"}],"replies":[{"embeddable":true,"href":"https:\/\/aramiso-test.verteco.app\/index.php?rest_route=%2Fwp%2Fv2%2Fcomments&post=13203"}],"wp:attachment":[{"href":"https:\/\/aramiso-test.verteco.app\/index.php?rest_route=%2Fwp%2Fv2%2Fmedia&parent=13203"}],"wp:term":[{"taxonomy":"product_brand","embeddable":true,"href":"https:\/\/aramiso-test.verteco.app\/index.php?rest_route=%2Fwp%2Fv2%2Fproduct_brand&post=13203"},{"taxonomy":"product_cat","embeddable":true,"href":"https:\/\/aramiso-test.verteco.app\/index.php?rest_route=%2Fwp%2Fv2%2Fproduct_cat&post=13203"},{"taxonomy":"product_tag","embeddable":true,"href":"https:\/\/aramiso-test.verteco.app\/index.php?rest_route=%2Fwp%2Fv2%2Fproduct_tag&post=13203"}],"curies":[{"name":"wp","href":"https:\/\/api.w.org\/{rel}","templated":true}]}}