{"id":13153,"date":"2025-08-03T13:18:35","date_gmt":"2025-08-03T13:18:35","guid":{"rendered":"https:\/\/aramiso-test.verteco.app\/?product=zaslepka-pre-profil-al-0006-eco-s-e-2"},"modified":"2025-08-03T13:18:48","modified_gmt":"2025-08-03T13:18:48","slug":"zaslepka-pre-profil-al-0006-eco-s-e-2","status":"publish","type":"product","link":"https:\/\/aramiso-test.verteco.app\/?product=zaslepka-pre-profil-al-0006-eco-s-e-2","title":{"rendered":"Z\u00e1slepka pre profil AL\/0006-ECO-S-E"},"content":{"rendered":"<p>Z\u00e1slepka (prav\u00e1 strana) pre profil AL\/0006-ECO-5000-S-E, AL\/0006-ECO-6000-S-E a AL\/0006-ECO-2500-S-E. Povrchov\u00e1 \u00faprava: Brus, Efekt: ELOX<\/p>\n","protected":false},"excerpt":{"rendered":"<p>Materi\u00e1l: Hlin\u00edk, Povrchov\u00e1 \u00faprava: Satin-ELOX<\/p>\n","protected":false},"featured_media":0,"comment_status":"closed","ping_status":"open","template":"","meta":[],"product_brand":[],"product_cat":[15],"product_tag":[],"class_list":{"0":"post-13153","1":"product","2":"type-product","3":"status-publish","5":"product_cat-uncategorized","7":"first","8":"onbackorder","9":"sale","10":"purchasable","11":"product-type-simple"},"_links":{"self":[{"href":"https:\/\/aramiso-test.verteco.app\/index.php?rest_route=\/wp\/v2\/product\/13153","targetHints":{"allow":["GET"]}}],"collection":[{"href":"https:\/\/aramiso-test.verteco.app\/index.php?rest_route=\/wp\/v2\/product"}],"about":[{"href":"https:\/\/aramiso-test.verteco.app\/index.php?rest_route=\/wp\/v2\/types\/product"}],"replies":[{"embeddable":true,"href":"https:\/\/aramiso-test.verteco.app\/index.php?rest_route=%2Fwp%2Fv2%2Fcomments&post=13153"}],"wp:attachment":[{"href":"https:\/\/aramiso-test.verteco.app\/index.php?rest_route=%2Fwp%2Fv2%2Fmedia&parent=13153"}],"wp:term":[{"taxonomy":"product_brand","embeddable":true,"href":"https:\/\/aramiso-test.verteco.app\/index.php?rest_route=%2Fwp%2Fv2%2Fproduct_brand&post=13153"},{"taxonomy":"product_cat","embeddable":true,"href":"https:\/\/aramiso-test.verteco.app\/index.php?rest_route=%2Fwp%2Fv2%2Fproduct_cat&post=13153"},{"taxonomy":"product_tag","embeddable":true,"href":"https:\/\/aramiso-test.verteco.app\/index.php?rest_route=%2Fwp%2Fv2%2Fproduct_tag&post=13153"}],"curies":[{"name":"wp","href":"https:\/\/api.w.org\/{rel}","templated":true}]}}