{"id":13091,"date":"2025-10-26T12:50:03","date_gmt":"2025-10-26T12:50:03","guid":{"rendered":"https:\/\/aramiso-test.verteco.app\/?product=celosklenene-zabradlie-profil-duty-vrchne-kotvenie-5"},"modified":"2025-10-26T12:50:10","modified_gmt":"2025-10-26T12:50:10","slug":"celosklenene-zabradlie-profil-duty-vrchne-kotvenie-5","status":"publish","type":"product","link":"https:\/\/aramiso-test.verteco.app\/?product=celosklenene-zabradlie-profil-duty-vrchne-kotvenie-5","title":{"rendered":"Celosklenen\u00e9 z\u00e1bradlie-profil dut\u00fd-vrchn\u00e9 kotvenie"},"content":{"rendered":"<p>AL kotviaci profil pre sklo, vrchn\u00e9 kotvenie, bez povrchovej \u00fapravy, bez ELOX-u, bez pr\u00edslu\u0161enstva, bez balenia.<br \/>\nVhodn\u00fd na \u010fal\u0161iu povrchovu \u00fapravu lakovan\u00edm, vhodn\u00fd na zabetonovanie.<\/p>\n","protected":false},"excerpt":{"rendered":"<p>Materi\u00e1l: Hlin\u00edk, Povrchov\u00e1 \u00faprava: Natural, Glass t: 12,00-21,52, L: 6000, Kotvenie: Zhora, G\/h kN: 1<\/p>\n","protected":false},"featured_media":0,"comment_status":"closed","ping_status":"open","template":"","meta":[],"product_brand":[],"product_cat":[15],"product_tag":[],"class_list":{"0":"post-13091","1":"product","2":"type-product","3":"status-publish","5":"product_cat-uncategorized","7":"first","8":"onbackorder","9":"sale","10":"purchasable","11":"product-type-simple"},"_links":{"self":[{"href":"https:\/\/aramiso-test.verteco.app\/index.php?rest_route=\/wp\/v2\/product\/13091","targetHints":{"allow":["GET"]}}],"collection":[{"href":"https:\/\/aramiso-test.verteco.app\/index.php?rest_route=\/wp\/v2\/product"}],"about":[{"href":"https:\/\/aramiso-test.verteco.app\/index.php?rest_route=\/wp\/v2\/types\/product"}],"replies":[{"embeddable":true,"href":"https:\/\/aramiso-test.verteco.app\/index.php?rest_route=%2Fwp%2Fv2%2Fcomments&post=13091"}],"wp:attachment":[{"href":"https:\/\/aramiso-test.verteco.app\/index.php?rest_route=%2Fwp%2Fv2%2Fmedia&parent=13091"}],"wp:term":[{"taxonomy":"product_brand","embeddable":true,"href":"https:\/\/aramiso-test.verteco.app\/index.php?rest_route=%2Fwp%2Fv2%2Fproduct_brand&post=13091"},{"taxonomy":"product_cat","embeddable":true,"href":"https:\/\/aramiso-test.verteco.app\/index.php?rest_route=%2Fwp%2Fv2%2Fproduct_cat&post=13091"},{"taxonomy":"product_tag","embeddable":true,"href":"https:\/\/aramiso-test.verteco.app\/index.php?rest_route=%2Fwp%2Fv2%2Fproduct_tag&post=13091"}],"curies":[{"name":"wp","href":"https:\/\/api.w.org\/{rel}","templated":true}]}}