{"id":13040,"date":"2025-10-26T12:48:42","date_gmt":"2025-10-26T12:48:42","guid":{"rendered":"https:\/\/aramiso-test.verteco.app\/?product=draha-k-garazovemu-pohonu-v-6000-1000-dlzka-3-m"},"modified":"2025-10-26T12:48:49","modified_gmt":"2025-10-26T12:48:49","slug":"draha-k-garazovemu-pohonu-v-6000-1000-dlzka-3-m","status":"publish","type":"product","link":"https:\/\/aramiso-test.verteco.app\/?product=draha-k-garazovemu-pohonu-v-6000-1000-dlzka-3-m","title":{"rendered":"Dr\u00e1ha k gar\u00e1\u017eov\u00e9mu pohonu V-6000\/1000 d\u013a\u017eka 3 m"},"content":{"rendered":"<p>Re\u0165azov\u00e1 transmisn\u00e1 dr\u00e1ha (L=3,02m) pre sek\u010dne br\u00e1ny do v\u00fd\u0161ky 2,25m, k pohonom V-6000\/1000<\/p>\n","protected":false},"excerpt":{"rendered":"<p>Zna\u010dka: Came<\/p>\n","protected":false},"featured_media":0,"comment_status":"closed","ping_status":"open","template":"","meta":[],"product_brand":[],"product_cat":[15],"product_tag":[],"class_list":{"0":"post-13040","1":"product","2":"type-product","3":"status-publish","5":"product_cat-uncategorized","7":"first","8":"instock","9":"sale","10":"purchasable","11":"product-type-simple"},"_links":{"self":[{"href":"https:\/\/aramiso-test.verteco.app\/index.php?rest_route=\/wp\/v2\/product\/13040","targetHints":{"allow":["GET"]}}],"collection":[{"href":"https:\/\/aramiso-test.verteco.app\/index.php?rest_route=\/wp\/v2\/product"}],"about":[{"href":"https:\/\/aramiso-test.verteco.app\/index.php?rest_route=\/wp\/v2\/types\/product"}],"replies":[{"embeddable":true,"href":"https:\/\/aramiso-test.verteco.app\/index.php?rest_route=%2Fwp%2Fv2%2Fcomments&post=13040"}],"wp:attachment":[{"href":"https:\/\/aramiso-test.verteco.app\/index.php?rest_route=%2Fwp%2Fv2%2Fmedia&parent=13040"}],"wp:term":[{"taxonomy":"product_brand","embeddable":true,"href":"https:\/\/aramiso-test.verteco.app\/index.php?rest_route=%2Fwp%2Fv2%2Fproduct_brand&post=13040"},{"taxonomy":"product_cat","embeddable":true,"href":"https:\/\/aramiso-test.verteco.app\/index.php?rest_route=%2Fwp%2Fv2%2Fproduct_cat&post=13040"},{"taxonomy":"product_tag","embeddable":true,"href":"https:\/\/aramiso-test.verteco.app\/index.php?rest_route=%2Fwp%2Fv2%2Fproduct_tag&post=13040"}],"curies":[{"name":"wp","href":"https:\/\/api.w.org\/{rel}","templated":true}]}}