{"id":13034,"date":"2025-10-26T12:48:42","date_gmt":"2025-10-26T12:48:42","guid":{"rendered":"https:\/\/aramiso-test.verteco.app\/?product=kompl-system-came-garaz-pohon-s-35m-drahou-2"},"modified":"2025-10-26T12:48:46","modified_gmt":"2025-10-26T12:48:46","slug":"kompl-system-came-garaz-pohon-s-35m-drahou-2","status":"publish","type":"product","link":"https:\/\/aramiso-test.verteco.app\/?product=kompl-system-came-garaz-pohon-s-35m-drahou-2","title":{"rendered":"Kompl. syst\u00e9m CAME &#8211; gar\u00e1\u017e.pohon s 3,5m dr\u00e1hou"},"content":{"rendered":"<p>Vle\u010dn\u00fd pohon na gar\u00e1\u017eov\u00fa br\u00e1nu. Max. plocha br\u00e1ny 14m2, max. v\u00fd\u0161ka br\u00e1ny 2,75m. Sada obsahuje pohon so zabudovanou elektronikou, kartu prij\u00edma\u010da, dia\u013ekov\u00fd ovl\u00e1da\u010d TOP-432-EV, transmisn\u00e1 dr\u00e1ha je s\u00fa\u010das\u0165ou sady (d\u013a\u017eka 3,52 m).<\/p>\n","protected":false},"excerpt":{"rendered":"<p>Zna\u010dka: Came, Plocha br\u00e1ny: 14m2, Frekvencia (MHz): 433, Typ k\u00f3du: Rolling, Spomalenie motora: Spoma\u013euje pred koncov\u00fdmi polohami, Nap\u00e1janie motora: DC 24V, V\u00fdkon: 150W, Sila: 1000N, R\u00fdchlos\u0165: 8 m\/min, Nap\u00e1janie: AC 230V, Riadiaca jednotka: RIE-166, Stupe\u0148 ochrany: IP20, Enk\u00f3der: \u00c1no<\/p>\n","protected":false},"featured_media":0,"comment_status":"closed","ping_status":"open","template":"","meta":[],"product_brand":[],"product_cat":[15],"product_tag":[],"class_list":{"0":"post-13034","1":"product","2":"type-product","3":"status-publish","5":"product_cat-uncategorized","7":"first","8":"onbackorder","9":"sale","10":"purchasable","11":"product-type-simple"},"_links":{"self":[{"href":"https:\/\/aramiso-test.verteco.app\/index.php?rest_route=\/wp\/v2\/product\/13034","targetHints":{"allow":["GET"]}}],"collection":[{"href":"https:\/\/aramiso-test.verteco.app\/index.php?rest_route=\/wp\/v2\/product"}],"about":[{"href":"https:\/\/aramiso-test.verteco.app\/index.php?rest_route=\/wp\/v2\/types\/product"}],"replies":[{"embeddable":true,"href":"https:\/\/aramiso-test.verteco.app\/index.php?rest_route=%2Fwp%2Fv2%2Fcomments&post=13034"}],"wp:attachment":[{"href":"https:\/\/aramiso-test.verteco.app\/index.php?rest_route=%2Fwp%2Fv2%2Fmedia&parent=13034"}],"wp:term":[{"taxonomy":"product_brand","embeddable":true,"href":"https:\/\/aramiso-test.verteco.app\/index.php?rest_route=%2Fwp%2Fv2%2Fproduct_brand&post=13034"},{"taxonomy":"product_cat","embeddable":true,"href":"https:\/\/aramiso-test.verteco.app\/index.php?rest_route=%2Fwp%2Fv2%2Fproduct_cat&post=13034"},{"taxonomy":"product_tag","embeddable":true,"href":"https:\/\/aramiso-test.verteco.app\/index.php?rest_route=%2Fwp%2Fv2%2Fproduct_tag&post=13034"}],"curies":[{"name":"wp","href":"https:\/\/api.w.org\/{rel}","templated":true}]}}