{"id":13029,"date":"2025-10-26T12:48:42","date_gmt":"2025-10-26T12:48:42","guid":{"rendered":"https:\/\/aramiso-test.verteco.app\/?product=aut-pohon-na-gar-branu-priemyselny"},"modified":"2025-10-26T12:48:43","modified_gmt":"2025-10-26T12:48:43","slug":"aut-pohon-na-gar-branu-priemyselny","status":"publish","type":"product","link":"https:\/\/aramiso-test.verteco.app\/?product=aut-pohon-na-gar-branu-priemyselny","title":{"rendered":"Aut. pohon na gar.br\u00e1nu priemyseln\u00fd"},"content":{"rendered":"<p>Automatick\u00fd pohon GFA na gar\u00e1\u017eov\u00fa br\u00e1nu, priemyseln\u00fd s elektronikou. Nap\u00e1janie 400V<\/p>\n","protected":false},"excerpt":{"rendered":"<p>Zna\u010dka: GFA, Obsah zostavy: PL0127SE9PLUS-1x, PL0168-1x, PL0142-1x, PL0211-1x, PL0207-1x, Nap\u00e1janie motora: AC 400V, V\u00fdkon: 370W, Sila: 450Nm, Nap\u00e1janie: AC 400V, Riadiaca jednotka: TS970, Stupe\u0148 ochrany: IP54<\/p>\n","protected":false},"featured_media":0,"comment_status":"closed","ping_status":"open","template":"","meta":[],"product_brand":[],"product_cat":[15],"product_tag":[],"class_list":{"0":"post-13029","1":"product","2":"type-product","3":"status-publish","5":"product_cat-uncategorized","7":"first","8":"instock","9":"sale","10":"purchasable","11":"product-type-simple"},"_links":{"self":[{"href":"https:\/\/aramiso-test.verteco.app\/index.php?rest_route=\/wp\/v2\/product\/13029","targetHints":{"allow":["GET"]}}],"collection":[{"href":"https:\/\/aramiso-test.verteco.app\/index.php?rest_route=\/wp\/v2\/product"}],"about":[{"href":"https:\/\/aramiso-test.verteco.app\/index.php?rest_route=\/wp\/v2\/types\/product"}],"replies":[{"embeddable":true,"href":"https:\/\/aramiso-test.verteco.app\/index.php?rest_route=%2Fwp%2Fv2%2Fcomments&post=13029"}],"wp:attachment":[{"href":"https:\/\/aramiso-test.verteco.app\/index.php?rest_route=%2Fwp%2Fv2%2Fmedia&parent=13029"}],"wp:term":[{"taxonomy":"product_brand","embeddable":true,"href":"https:\/\/aramiso-test.verteco.app\/index.php?rest_route=%2Fwp%2Fv2%2Fproduct_brand&post=13029"},{"taxonomy":"product_cat","embeddable":true,"href":"https:\/\/aramiso-test.verteco.app\/index.php?rest_route=%2Fwp%2Fv2%2Fproduct_cat&post=13029"},{"taxonomy":"product_tag","embeddable":true,"href":"https:\/\/aramiso-test.verteco.app\/index.php?rest_route=%2Fwp%2Fv2%2Fproduct_tag&post=13029"}],"curies":[{"name":"wp","href":"https:\/\/api.w.org\/{rel}","templated":true}]}}