{"id":13026,"date":"2025-09-03T11:12:54","date_gmt":"2025-09-03T11:12:54","guid":{"rendered":"https:\/\/aramiso-test.verteco.app\/?product=kompl-system-came-zavora-24v-4m"},"modified":"2025-09-03T11:12:54","modified_gmt":"2025-09-03T11:12:54","slug":"kompl-system-came-zavora-24v-4m","status":"publish","type":"product","link":"https:\/\/aramiso-test.verteco.app\/?product=kompl-system-came-zavora-24v-4m","title":{"rendered":"Kompl. syst\u00e9m CAME &#8211; z\u00e1vora 24V, 4m"},"content":{"rendered":"<p><iframe width=\"560\" height=\"315\" src=\"https:\/\/www.youtube.com\/embed\/Lf-rxXmQyew?si=Kyh2pD-rUgCAHXqm\" frameborder=\"0\" allowfullscreen><\/iframe><\/p>\n","protected":false},"excerpt":{"rendered":"<p>Zna\u010dka: Came, Frekvencia (MHz): 433, Typ k\u00f3du: Fix, Spomalenie motora: Spoma\u013euje pred koncov\u00fdmi polohami, Nap\u00e1janie motora: DC 24V, V\u00fdkon: 190W, Sila: 140Nm, R\u00fdchlos\u0165: 90\u00b0 2-6s, Nap\u00e1janie: AC 230V, Riadiaca jednotka: ZL392C, Master\/Slave: \u00c1no, Stupe\u0148 ochrany: IP54, Cykly\/de\u0148: 5400, Cykly\/hod: 300, Enk\u00f3der: \u00c1no<\/p>\n","protected":false},"featured_media":0,"comment_status":"closed","ping_status":"open","template":"","meta":[],"product_brand":[],"product_cat":[15],"product_tag":[],"class_list":{"0":"post-13026","1":"product","2":"type-product","3":"status-publish","5":"product_cat-uncategorized","7":"first","8":"instock","9":"sale","10":"purchasable","11":"product-type-simple"},"_links":{"self":[{"href":"https:\/\/aramiso-test.verteco.app\/index.php?rest_route=\/wp\/v2\/product\/13026","targetHints":{"allow":["GET"]}}],"collection":[{"href":"https:\/\/aramiso-test.verteco.app\/index.php?rest_route=\/wp\/v2\/product"}],"about":[{"href":"https:\/\/aramiso-test.verteco.app\/index.php?rest_route=\/wp\/v2\/types\/product"}],"replies":[{"embeddable":true,"href":"https:\/\/aramiso-test.verteco.app\/index.php?rest_route=%2Fwp%2Fv2%2Fcomments&post=13026"}],"wp:attachment":[{"href":"https:\/\/aramiso-test.verteco.app\/index.php?rest_route=%2Fwp%2Fv2%2Fmedia&parent=13026"}],"wp:term":[{"taxonomy":"product_brand","embeddable":true,"href":"https:\/\/aramiso-test.verteco.app\/index.php?rest_route=%2Fwp%2Fv2%2Fproduct_brand&post=13026"},{"taxonomy":"product_cat","embeddable":true,"href":"https:\/\/aramiso-test.verteco.app\/index.php?rest_route=%2Fwp%2Fv2%2Fproduct_cat&post=13026"},{"taxonomy":"product_tag","embeddable":true,"href":"https:\/\/aramiso-test.verteco.app\/index.php?rest_route=%2Fwp%2Fv2%2Fproduct_tag&post=13026"}],"curies":[{"name":"wp","href":"https:\/\/api.w.org\/{rel}","templated":true}]}}