{"id":13025,"date":"2025-08-03T13:16:02","date_gmt":"2025-08-03T13:16:02","guid":{"rendered":"https:\/\/aramiso-test.verteco.app\/?product=zavora-s-elektronikou-24v-a-enkoderom-2"},"modified":"2025-08-03T13:16:16","modified_gmt":"2025-08-03T13:16:16","slug":"zavora-s-elektronikou-24v-a-enkoderom-2","status":"publish","type":"product","link":"https:\/\/aramiso-test.verteco.app\/?product=zavora-s-elektronikou-24v-a-enkoderom-2","title":{"rendered":"Z\u00e1vora s elektronikou 24V a enkoderom"},"content":{"rendered":"","protected":false},"excerpt":{"rendered":"<p>Zna\u010dka: Came, Nap\u00e1janie motora: DC 24V, V\u00fdkon: 190W, Sila: 140Nm, R\u00fdchlos\u0165: 90\u00b0 2-6s, Nap\u00e1janie: AC 230V, Riadiaca jednotka: ZL392C, Master\/Slave: \u00c1no, Stupe\u0148 ochrany: IP54, Cykly\/de\u0148: 5400, Cykly\/hod: 300, Enk\u00f3der: \u00c1no<\/p>\n","protected":false},"featured_media":0,"comment_status":"closed","ping_status":"open","template":"","meta":[],"product_brand":[],"product_cat":[15],"product_tag":[],"class_list":{"0":"post-13025","1":"product","2":"type-product","3":"status-publish","5":"product_cat-uncategorized","7":"first","8":"instock","9":"sale","10":"purchasable","11":"product-type-simple"},"_links":{"self":[{"href":"https:\/\/aramiso-test.verteco.app\/index.php?rest_route=\/wp\/v2\/product\/13025","targetHints":{"allow":["GET"]}}],"collection":[{"href":"https:\/\/aramiso-test.verteco.app\/index.php?rest_route=\/wp\/v2\/product"}],"about":[{"href":"https:\/\/aramiso-test.verteco.app\/index.php?rest_route=\/wp\/v2\/types\/product"}],"replies":[{"embeddable":true,"href":"https:\/\/aramiso-test.verteco.app\/index.php?rest_route=%2Fwp%2Fv2%2Fcomments&post=13025"}],"wp:attachment":[{"href":"https:\/\/aramiso-test.verteco.app\/index.php?rest_route=%2Fwp%2Fv2%2Fmedia&parent=13025"}],"wp:term":[{"taxonomy":"product_brand","embeddable":true,"href":"https:\/\/aramiso-test.verteco.app\/index.php?rest_route=%2Fwp%2Fv2%2Fproduct_brand&post=13025"},{"taxonomy":"product_cat","embeddable":true,"href":"https:\/\/aramiso-test.verteco.app\/index.php?rest_route=%2Fwp%2Fv2%2Fproduct_cat&post=13025"},{"taxonomy":"product_tag","embeddable":true,"href":"https:\/\/aramiso-test.verteco.app\/index.php?rest_route=%2Fwp%2Fv2%2Fproduct_tag&post=13025"}],"curies":[{"name":"wp","href":"https:\/\/api.w.org\/{rel}","templated":true}]}}