{"id":13010,"date":"2025-10-26T12:48:38","date_gmt":"2025-10-26T12:48:38","guid":{"rendered":"https:\/\/aramiso-test.verteco.app\/?product=rollkit-bezdrotovy-zvoncek"},"modified":"2025-10-26T12:48:40","modified_gmt":"2025-10-26T12:48:40","slug":"rollkit-bezdrotovy-zvoncek","status":"publish","type":"product","link":"https:\/\/aramiso-test.verteco.app\/?product=rollkit-bezdrotovy-zvoncek","title":{"rendered":"Rollkit Bezdr\u00f4tov\u00fd zvon\u010dek"},"content":{"rendered":"<p><strong>Bezd\u00f4tov\u00fd zvon\u010dek s pripojen\u00edm k br\u00e1nov\u00e9mu pohonu<\/strong><\/p>\n<p>Tento bezdr\u00f4tov\u00fd zvon\u010dek je ide\u00e1lnym rie\u0161en\u00edm pre v\u00e1\u0161 domov alebo firmu, ak h\u013ead\u00e1te spo\u013eahliv\u00e9 a inteligentn\u00e9 ovl\u00e1danie vstupnej br\u00e1ny. Zvon\u010dek je mo\u017en\u00e9 jednoducho sp\u00e1rova\u0165 s prij\u00edma\u010dom v syst\u00e9me pohonu pre otv\u00e1ranie br\u00e1ny, \u010d\u00edm z\u00edskate \u00fapln\u00fa kontrolu nad pr\u00edchodmi k va\u0161ej nehnute\u013enosti.<\/p>\n<p>Po stla\u010den\u00ed tla\u010didla na zvon\u010deku dostanete okam\u017eit\u00e9 upozornenie priamo do va\u0161ej mobilnej aplik\u00e1cie. V\u010faka tejto funkcii budete ma\u0165 v\u017edy preh\u013ead o tom, kedy niekto zazvon\u00ed, aj ke\u010f nie ste doma. Toto rie\u0161enie zvy\u0161uje \u00farove\u0148 bezpe\u010dnosti a pohodlia, preto\u017ee m\u00f4\u017eete reagova\u0165 na n\u00e1v\u0161tevu, otvori\u0165 br\u00e1nu na dia\u013eku, alebo sledova\u0165 pr\u00edchody v re\u00e1lnom \u010dase.<\/p>\n<p>K\u013e\u00fa\u010dov\u00e9 vlastnosti:<\/p>\n<ul>\n<li>\n<strong>Jednoduch\u00e9 sp\u00e1rovanie s pohonom br\u00e1ny<\/strong>: Zvon\u010dek sa \u013eahko integruje s va\u0161\u00edm existuj\u00facim syst\u00e9mom.<\/li>\n<li>\n<strong>Ozn\u00e1menia do mobilnej aplik\u00e1cie<\/strong>: Okam\u017eit\u00e9 upozornenia v\u00e1m umo\u017enia reagova\u0165 na n\u00e1v\u0161tevy bez oh\u013eadu na to, kde sa nach\u00e1dzate.<\/li>\n<li>\n<strong>Bezdr\u00f4tov\u00fd dizajn<\/strong>: In\u0161tal\u00e1cia bez zlo\u017eit\u00e9ho \u0165ahania k\u00e1blov.<\/li>\n<li>\n<strong>Modern\u00fd a kompaktn\u00fd dizajn<\/strong>: Esteticky zapadne do ka\u017ed\u00e9ho prostredia.<\/li>\n<\/ul>\n<p>Tento bezdr\u00f4tov\u00fd zvon\u010dek poskytuje maxim\u00e1lne pohodlie a pridan\u00fa bezpe\u010dnos\u0165, a je ide\u00e1lnym doplnkom pre v\u0161etk\u00fdch, ktor\u00ed chc\u00fa ma\u0165 kontrolu nad pr\u00edstupom k svojmu domovu alebo firme.<\/p>\n","protected":false},"excerpt":{"rendered":"<p>Zna\u010dka: Rollkit, Frekvencia (MHz): 433, Typ k\u00f3du: Rolling, Nap\u00e1janie: 3 x 1,5V AAA, 1 x CR2032, Stupe\u0148 ochrany: IP44<\/p>\n","protected":false},"featured_media":0,"comment_status":"closed","ping_status":"open","template":"","meta":[],"product_brand":[],"product_cat":[15],"product_tag":[],"class_list":{"0":"post-13010","1":"product","2":"type-product","3":"status-publish","5":"product_cat-uncategorized","7":"first","8":"instock","9":"sale","10":"purchasable","11":"product-type-simple"},"_links":{"self":[{"href":"https:\/\/aramiso-test.verteco.app\/index.php?rest_route=\/wp\/v2\/product\/13010","targetHints":{"allow":["GET"]}}],"collection":[{"href":"https:\/\/aramiso-test.verteco.app\/index.php?rest_route=\/wp\/v2\/product"}],"about":[{"href":"https:\/\/aramiso-test.verteco.app\/index.php?rest_route=\/wp\/v2\/types\/product"}],"replies":[{"embeddable":true,"href":"https:\/\/aramiso-test.verteco.app\/index.php?rest_route=%2Fwp%2Fv2%2Fcomments&post=13010"}],"wp:attachment":[{"href":"https:\/\/aramiso-test.verteco.app\/index.php?rest_route=%2Fwp%2Fv2%2Fmedia&parent=13010"}],"wp:term":[{"taxonomy":"product_brand","embeddable":true,"href":"https:\/\/aramiso-test.verteco.app\/index.php?rest_route=%2Fwp%2Fv2%2Fproduct_brand&post=13010"},{"taxonomy":"product_cat","embeddable":true,"href":"https:\/\/aramiso-test.verteco.app\/index.php?rest_route=%2Fwp%2Fv2%2Fproduct_cat&post=13010"},{"taxonomy":"product_tag","embeddable":true,"href":"https:\/\/aramiso-test.verteco.app\/index.php?rest_route=%2Fwp%2Fv2%2Fproduct_tag&post=13010"}],"curies":[{"name":"wp","href":"https:\/\/api.w.org\/{rel}","templated":true}]}}