{"id":13009,"date":"2025-10-26T12:48:38","date_gmt":"2025-10-26T12:48:38","guid":{"rendered":"https:\/\/aramiso-test.verteco.app\/?product=magneticky-senzor"},"modified":"2025-10-26T12:48:39","modified_gmt":"2025-10-26T12:48:39","slug":"magneticky-senzor","status":"publish","type":"product","link":"https:\/\/aramiso-test.verteco.app\/?product=magneticky-senzor","title":{"rendered":"Magnetick\u00fd senzor"},"content":{"rendered":"<div>\n<h3>Magnetick\u00fd senzor pre sp\u00e4tn\u00fa v\u00e4zbu o stave br\u00e1ny<\/h3>\n<p>Tento magnetick\u00fd senzor je ide\u00e1lnym doplnkom pre monitorovanie stavu va\u0161ej br\u00e1ny. V spojen\u00ed s Wi-Fi prij\u00edma\u010dmi <strong>MULTI-RECEIVER-SMART-02<\/strong> alebo <strong>MULTI-RECEIVER-SMART-03<\/strong> v\u00e1m poskytne presn\u00fa a spo\u013eahliv\u00fa sp\u00e4tn\u00fa v\u00e4zbu o tom, \u010di je va\u0161a br\u00e1na otvoren\u00e1 alebo zatvoren\u00e1.<\/p>\n<p>Po pripojen\u00ed senzora k smart prij\u00edma\u010dom m\u00f4\u017eete jednoducho sledova\u0165 stav br\u00e1ny prostredn\u00edctvom mobilnej aplik\u00e1cie na dia\u013eku. Tento syst\u00e9m zabezpe\u010duje, \u017ee budete v\u017edy informovan\u00ed, \u010di je va\u0161a br\u00e1na spr\u00e1vne zatvoren\u00e1, \u010do zvy\u0161uje bezpe\u010dnos\u0165 a pohodlie pri pou\u017e\u00edvan\u00ed br\u00e1ny.<\/p>\n<p>    <strong>K\u013e\u00fa\u010dov\u00e9 vlastnosti:<\/strong><\/p>\n<div>\n<ul>\n<li><strong>Sp\u00e4tn\u00e1 v\u00e4zba o stave br\u00e1ny<\/strong>: Zabezpe\u010duje preh\u013ead o tom, \u010di je br\u00e1na otvoren\u00e1 alebo zatvoren\u00e1.<\/li>\n<li><strong>Jednoduch\u00e9 prepojenie s Wi-Fi prij\u00edma\u010dmi<\/strong>: Navrhnut\u00e9 pre kompatibilitu s <strong>MULTI-RECEIVER-SMART-02<\/strong> a <strong>MULTI-RECEIVER-SMART-03<\/strong>.<\/li>\n<li><strong>Sledovanie cez mobiln\u00fa aplik\u00e1ciu<\/strong>: Mo\u017enos\u0165 sledovania stavu br\u00e1ny kdeko\u013evek a kedyko\u013evek prostredn\u00edctvom aplik\u00e1cie na va\u0161om smartf\u00f3ne.<\/li>\n<li><strong>Zv\u00fd\u0161en\u00e1 bezpe\u010dnos\u0165<\/strong>: Inform\u00e1cie o stave br\u00e1ny priamo vo va\u0161ich ruk\u00e1ch poskytuj\u00fa v\u00e4\u010d\u0161\u00ed pocit istoty a bezpe\u010dnosti.<\/li>\n<\/ul><\/div>\n<p>Tento magnetick\u00fd senzor v kombin\u00e1cii so smart prij\u00edma\u010dmi v\u00e1m prin\u00e1\u0161a spo\u013eahliv\u00e9 rie\u0161enie pre sledovanie stavu va\u0161ej br\u00e1ny, \u010d\u00edm v\u00e1m pom\u00e1ha udr\u017ea\u0165 kontrolu a zlep\u0161i\u0165 bezpe\u010dnos\u0165 va\u0161ej nehnute\u013enosti.<\/p>\n<p>Typ kontaktu: NO, materi\u00e1l: zamak, d\u013a\u017eka k\u00e1bla 380mm\n<\/p><\/div>\n","protected":false},"excerpt":{"rendered":"<p>Materi\u00e1l: ZAMAK zliatina, Zna\u010dka: Rollkit<\/p>\n","protected":false},"featured_media":0,"comment_status":"closed","ping_status":"open","template":"","meta":[],"product_brand":[],"product_cat":[15],"product_tag":[],"class_list":{"0":"post-13009","1":"product","2":"type-product","3":"status-publish","5":"product_cat-uncategorized","7":"first","8":"onbackorder","9":"sale","10":"purchasable","11":"product-type-simple"},"_links":{"self":[{"href":"https:\/\/aramiso-test.verteco.app\/index.php?rest_route=\/wp\/v2\/product\/13009","targetHints":{"allow":["GET"]}}],"collection":[{"href":"https:\/\/aramiso-test.verteco.app\/index.php?rest_route=\/wp\/v2\/product"}],"about":[{"href":"https:\/\/aramiso-test.verteco.app\/index.php?rest_route=\/wp\/v2\/types\/product"}],"replies":[{"embeddable":true,"href":"https:\/\/aramiso-test.verteco.app\/index.php?rest_route=%2Fwp%2Fv2%2Fcomments&post=13009"}],"wp:attachment":[{"href":"https:\/\/aramiso-test.verteco.app\/index.php?rest_route=%2Fwp%2Fv2%2Fmedia&parent=13009"}],"wp:term":[{"taxonomy":"product_brand","embeddable":true,"href":"https:\/\/aramiso-test.verteco.app\/index.php?rest_route=%2Fwp%2Fv2%2Fproduct_brand&post=13009"},{"taxonomy":"product_cat","embeddable":true,"href":"https:\/\/aramiso-test.verteco.app\/index.php?rest_route=%2Fwp%2Fv2%2Fproduct_cat&post=13009"},{"taxonomy":"product_tag","embeddable":true,"href":"https:\/\/aramiso-test.verteco.app\/index.php?rest_route=%2Fwp%2Fv2%2Fproduct_tag&post=13009"}],"curies":[{"name":"wp","href":"https:\/\/api.w.org\/{rel}","templated":true}]}}