{"id":12997,"date":"2025-10-26T12:48:30","date_gmt":"2025-10-26T12:48:30","guid":{"rendered":"https:\/\/aramiso-test.verteco.app\/?product=programovacie-zariadenie-pre-pohony-nice"},"modified":"2025-10-26T12:48:34","modified_gmt":"2025-10-26T12:48:34","slug":"programovacie-zariadenie-pre-pohony-nice","status":"publish","type":"product","link":"https:\/\/aramiso-test.verteco.app\/?product=programovacie-zariadenie-pre-pohony-nice","title":{"rendered":"Programovacie zariadenie pre pohony Nice"},"content":{"rendered":"<p>Nov\u00e9 rozhranie PRO-VIEW &#8211; prog. jednotka pre zariadenia s konektorom BUS T4, in\u0161tal\u00e1cia cez smartf\u00f3n v\u010faka NICE PRO aplik\u00e1cie, SK\/ CZ jazyk, potrebn\u00e9 N IBT4N<br \/>\n<iframe width=\"560\" height=\"315\" src=\"https:\/\/www.youtube.com\/embed\/2VMXiVaynIQ?si=pHweFSWegXipWahO\" frameborder=\"0\" allowfullscreen><\/iframe><\/p>\n","protected":false},"excerpt":{"rendered":"<p>Zna\u010dka: Nice, WIFI pripojenie: \u00c1no, Frekvencia (MHz): Multi (433\/868)<\/p>\n","protected":false},"featured_media":0,"comment_status":"closed","ping_status":"open","template":"","meta":[],"product_brand":[],"product_cat":[15],"product_tag":[],"class_list":{"0":"post-12997","1":"product","2":"type-product","3":"status-publish","5":"product_cat-uncategorized","7":"first","8":"instock","9":"sale","10":"purchasable","11":"product-type-simple"},"_links":{"self":[{"href":"https:\/\/aramiso-test.verteco.app\/index.php?rest_route=\/wp\/v2\/product\/12997","targetHints":{"allow":["GET"]}}],"collection":[{"href":"https:\/\/aramiso-test.verteco.app\/index.php?rest_route=\/wp\/v2\/product"}],"about":[{"href":"https:\/\/aramiso-test.verteco.app\/index.php?rest_route=\/wp\/v2\/types\/product"}],"replies":[{"embeddable":true,"href":"https:\/\/aramiso-test.verteco.app\/index.php?rest_route=%2Fwp%2Fv2%2Fcomments&post=12997"}],"wp:attachment":[{"href":"https:\/\/aramiso-test.verteco.app\/index.php?rest_route=%2Fwp%2Fv2%2Fmedia&parent=12997"}],"wp:term":[{"taxonomy":"product_brand","embeddable":true,"href":"https:\/\/aramiso-test.verteco.app\/index.php?rest_route=%2Fwp%2Fv2%2Fproduct_brand&post=12997"},{"taxonomy":"product_cat","embeddable":true,"href":"https:\/\/aramiso-test.verteco.app\/index.php?rest_route=%2Fwp%2Fv2%2Fproduct_cat&post=12997"},{"taxonomy":"product_tag","embeddable":true,"href":"https:\/\/aramiso-test.verteco.app\/index.php?rest_route=%2Fwp%2Fv2%2Fproduct_tag&post=12997"}],"curies":[{"name":"wp","href":"https:\/\/api.w.org\/{rel}","templated":true}]}}