{"id":12996,"date":"2025-10-26T12:48:30","date_gmt":"2025-10-26T12:48:30","guid":{"rendered":"https:\/\/aramiso-test.verteco.app\/?product=externy-prijimac-2kan-s-wifi"},"modified":"2025-10-26T12:48:33","modified_gmt":"2025-10-26T12:48:33","slug":"externy-prijimac-2kan-s-wifi","status":"publish","type":"product","link":"https:\/\/aramiso-test.verteco.app\/?product=externy-prijimac-2kan-s-wifi","title":{"rendered":"Extern\u00fd prij\u00edma\u010d 2kan. s WIFI"},"content":{"rendered":"<div>\n<h2>MULTI-RECEIVER-SMART-03<\/h2>\n<p><strong>WiFi prij\u00edma\u010d<\/strong> ur\u010den\u00fd na bezdr\u00f4tov\u00e9 ovl\u00e1danie zariaden\u00ed v\u00fdhradne cez internetov\u00fa sie\u0165.<\/p>\n<ul>\n<li><strong>Ovl\u00e1danie iba cez WiFi<\/strong> \u2013 nepodporuje klasick\u00e9 dia\u013ekov\u00e9 ovl\u00e1da\u010de<\/li>\n<li>Jednoduch\u00e9 pripojenie k dom\u00e1cej sieti pomocou aplik\u00e1cie <em>DASPI<\/em><\/li>\n<li>R\u00fdchle p\u00e1rovanie stla\u010den\u00edm tla\u010didla na prij\u00edma\u010di<\/li>\n<li>Mo\u017enos\u0165 ovl\u00e1dania na dia\u013eku cez smartf\u00f3n<\/li>\n<li>Po pripojen\u00ed <strong>magnetick\u00e9ho senzora MS-01<\/strong> z\u00edskate <strong>sp\u00e4tn\u00fa v\u00e4zbu o stave br\u00e1ny<\/strong><\/li>\n<\/ul>\n<p>V\u010faka tomuto prij\u00edma\u010du m\u00f4\u017eete svoje zariadenia ovl\u00e1da\u0165 pohodlne a bez potreby dia\u013ekov\u00e9ho ovl\u00e1da\u010da, priamo cez WiFi pripojenie a mobiln\u00fa aplik\u00e1ciu. Pri pou\u017eit\u00ed magnetick\u00e9ho senzora <strong>MS-01<\/strong> budete ma\u0165 v\u017edy preh\u013ead o stave va\u0161ej br\u00e1ny.<\/p>\n<\/div>\n","protected":false},"excerpt":{"rendered":"<p>Zna\u010dka: Rollkit, WIFI pripojenie: \u00c1no<\/p>\n","protected":false},"featured_media":0,"comment_status":"closed","ping_status":"open","template":"","meta":[],"product_brand":[],"product_cat":[15],"product_tag":[],"class_list":{"0":"post-12996","1":"product","2":"type-product","3":"status-publish","5":"product_cat-uncategorized","7":"first","8":"onbackorder","9":"sale","10":"purchasable","11":"product-type-simple"},"_links":{"self":[{"href":"https:\/\/aramiso-test.verteco.app\/index.php?rest_route=\/wp\/v2\/product\/12996","targetHints":{"allow":["GET"]}}],"collection":[{"href":"https:\/\/aramiso-test.verteco.app\/index.php?rest_route=\/wp\/v2\/product"}],"about":[{"href":"https:\/\/aramiso-test.verteco.app\/index.php?rest_route=\/wp\/v2\/types\/product"}],"replies":[{"embeddable":true,"href":"https:\/\/aramiso-test.verteco.app\/index.php?rest_route=%2Fwp%2Fv2%2Fcomments&post=12996"}],"wp:attachment":[{"href":"https:\/\/aramiso-test.verteco.app\/index.php?rest_route=%2Fwp%2Fv2%2Fmedia&parent=12996"}],"wp:term":[{"taxonomy":"product_brand","embeddable":true,"href":"https:\/\/aramiso-test.verteco.app\/index.php?rest_route=%2Fwp%2Fv2%2Fproduct_brand&post=12996"},{"taxonomy":"product_cat","embeddable":true,"href":"https:\/\/aramiso-test.verteco.app\/index.php?rest_route=%2Fwp%2Fv2%2Fproduct_cat&post=12996"},{"taxonomy":"product_tag","embeddable":true,"href":"https:\/\/aramiso-test.verteco.app\/index.php?rest_route=%2Fwp%2Fv2%2Fproduct_tag&post=12996"}],"curies":[{"name":"wp","href":"https:\/\/api.w.org\/{rel}","templated":true}]}}