{"id":12995,"date":"2025-10-26T12:48:30","date_gmt":"2025-10-26T12:48:30","guid":{"rendered":"https:\/\/aramiso-test.verteco.app\/?product=externy-prijimac-2kan-univerzalny-s-wifi"},"modified":"2025-10-26T12:48:33","modified_gmt":"2025-10-26T12:48:33","slug":"externy-prijimac-2kan-univerzalny-s-wifi","status":"publish","type":"product","link":"https:\/\/aramiso-test.verteco.app\/?product=externy-prijimac-2kan-univerzalny-s-wifi","title":{"rendered":"Extern\u00fd prij\u00edma\u010d 2kan. univerz\u00e1lny s WIFI"},"content":{"rendered":"<div>\n<h2>MULTI-RECEIVER-SMART-02<\/h2>\n<p><strong>Univerz\u00e1lny prij\u00edma\u010d sign\u00e1lu<\/strong> z dia\u013ekov\u00fdch ovl\u00e1da\u010dov a WiFi siete pre pohodln\u00e9 ovl\u00e1danie zariaden\u00ed.<\/p>\n<ul>\n<li>Podpora a\u017e <strong>250 dia\u013ekov\u00fdch ovl\u00e1da\u010dov<\/strong><\/li>\n<li><strong>WiFi pripojenie<\/strong> a ovl\u00e1danie cez mobiln\u00fa aplik\u00e1ciu <em>DASPI<\/em><\/li>\n<li><strong>2 nez\u00e1visl\u00e9 kan\u00e1ly<\/strong> s jednoduch\u00fdm p\u00e1rovan\u00edm<\/li>\n<li>Kompatibilita s viacer\u00fdmi zna\u010dkami ovl\u00e1da\u010dov v\u010faka <strong>DIP prep\u00edna\u010dom<\/strong><\/li>\n<li>Nap\u00e1janie: <strong>AC\/DC 9V \u2013 30V<\/strong><\/li>\n<li>Po pripojen\u00ed <strong>magnetick\u00e9ho senzora MS-01<\/strong> z\u00edskate <strong>sp\u00e4tn\u00fa v\u00e4zbu o stave br\u00e1ny<\/strong><\/li>\n<\/ul>\n<p>V\u010faka tomuto prij\u00edma\u010du m\u00f4\u017eete ovl\u00e1da\u0165 svoje zariadenia <strong>bezdr\u00f4tovo cez dia\u013ekov\u00e9 ovl\u00e1da\u010de alebo priamo cez WiFi<\/strong>, \u010do zvy\u0161uje komfort a flexibilitu pou\u017eitia.<\/p>\n<\/div>\n","protected":false},"excerpt":{"rendered":"<p>Zna\u010dka: Rollkit, WIFI pripojenie: \u00c1no, Frekvencia (MHz): Multi (433\/868), Typ k\u00f3du: Multi (fix\/rolling)<\/p>\n","protected":false},"featured_media":0,"comment_status":"closed","ping_status":"open","template":"","meta":[],"product_brand":[],"product_cat":[15],"product_tag":[],"class_list":{"0":"post-12995","1":"product","2":"type-product","3":"status-publish","5":"product_cat-uncategorized","7":"first","8":"onbackorder","9":"sale","10":"purchasable","11":"product-type-simple"},"_links":{"self":[{"href":"https:\/\/aramiso-test.verteco.app\/index.php?rest_route=\/wp\/v2\/product\/12995","targetHints":{"allow":["GET"]}}],"collection":[{"href":"https:\/\/aramiso-test.verteco.app\/index.php?rest_route=\/wp\/v2\/product"}],"about":[{"href":"https:\/\/aramiso-test.verteco.app\/index.php?rest_route=\/wp\/v2\/types\/product"}],"replies":[{"embeddable":true,"href":"https:\/\/aramiso-test.verteco.app\/index.php?rest_route=%2Fwp%2Fv2%2Fcomments&post=12995"}],"wp:attachment":[{"href":"https:\/\/aramiso-test.verteco.app\/index.php?rest_route=%2Fwp%2Fv2%2Fmedia&parent=12995"}],"wp:term":[{"taxonomy":"product_brand","embeddable":true,"href":"https:\/\/aramiso-test.verteco.app\/index.php?rest_route=%2Fwp%2Fv2%2Fproduct_brand&post=12995"},{"taxonomy":"product_cat","embeddable":true,"href":"https:\/\/aramiso-test.verteco.app\/index.php?rest_route=%2Fwp%2Fv2%2Fproduct_cat&post=12995"},{"taxonomy":"product_tag","embeddable":true,"href":"https:\/\/aramiso-test.verteco.app\/index.php?rest_route=%2Fwp%2Fv2%2Fproduct_tag&post=12995"}],"curies":[{"name":"wp","href":"https:\/\/api.w.org\/{rel}","templated":true}]}}