{"id":12994,"date":"2025-08-03T13:14:46","date_gmt":"2025-08-03T13:14:46","guid":{"rendered":"https:\/\/aramiso-test.verteco.app\/?product=wifi-prijimac-pre-ovladanie-pohonov-nice-2"},"modified":"2025-08-03T13:15:00","modified_gmt":"2025-08-03T13:15:00","slug":"wifi-prijimac-pre-ovladanie-pohonov-nice-2","status":"publish","type":"product","link":"https:\/\/aramiso-test.verteco.app\/?product=wifi-prijimac-pre-ovladanie-pohonov-nice-2","title":{"rendered":"WIFI prij\u00edma\u010d pre ovl\u00e1danie pohonov NICE"},"content":{"rendered":"<p><strong>BiDi-WiFi &#8211; Programovacie rozhranie pre Nice automatiz\u00e1cie<\/strong><\/p>\n<p><strong>BiDi-WiFi<\/strong> je kompaktn\u00e9, prenosn\u00e9 programovacie rozhranie, ktor\u00e9 v\u00e1m umo\u017e\u0148uje jednoduch\u00fa a efekt\u00edvnu konfigur\u00e1ciu automatiz\u00e1ci\u00ed Nice pre br\u00e1ny a gar\u00e1\u017eov\u00e9 br\u00e1ny. Sta\u010d\u00ed ho pripoji\u0165 do konektora <strong>Bus-T4<\/strong>, a automaticky vytvor\u00ed WiFi sie\u0165, cez ktor\u00fa m\u00f4\u017eete svoje zariadenia konfigurova\u0165 pomocou aplik\u00e1cie <strong>MyNice <\/strong>.<\/p>\n<p>V\u010faka tomu m\u00f4\u017eete pohodlne vykon\u00e1va\u0165 v\u0161etky programovacie \u00falohy, aj ke\u010f sed\u00edte vo svojom vozidle. Tento n\u00e1stroj u\u013eah\u010duje r\u00fdchlu in\u0161tal\u00e1ciu a nastavenie, v\u010faka preh\u013eadn\u00e9mu sprievodcovi parametrami a vyh\u013ead\u00e1vacej funkcii, ktor\u00e1 v\u00e1m pom\u00f4\u017ee n\u00e1js\u0165 po\u017eadovan\u00fd parameter.<\/p>\n<ul>\n<li>Kompaktn\u00e9 zariadenie, ktor\u00e9 je v\u017edy pripraven\u00e9 na pou\u017eitie.<\/li>\n<li>Kompatibilita so v\u0161etk\u00fdmi automatiz\u00e1ciami Nice pre br\u00e1ny a gar\u00e1\u017eov\u00e9 br\u00e1ny s konektorom Bus-T4.<\/li>\n<li>Spr\u00e1va in\u0161tal\u00e1ci\u00ed cez cloud s mo\u017enos\u0165ou prehliadania z\u00e1sahov, geolok\u00e1cie a \u0161tatist\u00edk.<\/li>\n<li>Real-time aktualiz\u00e1cie firmv\u00e9ru a pr\u00edstup k manu\u00e1lom cez aplik\u00e1ciu MyNice .<\/li>\n<\/ul>\n<p>N\u00e1\u0161 video sprievodca konfigur\u00e1ciou v\u00e1m krok za krokom uk\u00e1\u017ee, ako pou\u017e\u00edva\u0165 BiDi-WiFi. Pozrite si ho ni\u017e\u0161ie a dozviete sa viac o tom, ako r\u00fdchlo a efekt\u00edvne nastavi\u0165 svoje zariadenie.<\/p>\n<p><iframe width=\"560\" height=\"315\" src=\"https:\/\/www.youtube.com\/embed\/cOJ-qmeME88?si=2fdX1sgwOoEC9XiP\" title=\"YouTube video player\"><\/iframe><\/p>\n","protected":false},"excerpt":{"rendered":"<p>Zna\u010dka: Nice, WIFI pripojenie: \u00c1no<\/p>\n","protected":false},"featured_media":0,"comment_status":"closed","ping_status":"open","template":"","meta":[],"product_brand":[],"product_cat":[15],"product_tag":[],"class_list":{"0":"post-12994","1":"product","2":"type-product","3":"status-publish","5":"product_cat-uncategorized","7":"first","8":"onbackorder","9":"sale","10":"purchasable","11":"product-type-simple"},"_links":{"self":[{"href":"https:\/\/aramiso-test.verteco.app\/index.php?rest_route=\/wp\/v2\/product\/12994","targetHints":{"allow":["GET"]}}],"collection":[{"href":"https:\/\/aramiso-test.verteco.app\/index.php?rest_route=\/wp\/v2\/product"}],"about":[{"href":"https:\/\/aramiso-test.verteco.app\/index.php?rest_route=\/wp\/v2\/types\/product"}],"replies":[{"embeddable":true,"href":"https:\/\/aramiso-test.verteco.app\/index.php?rest_route=%2Fwp%2Fv2%2Fcomments&post=12994"}],"wp:attachment":[{"href":"https:\/\/aramiso-test.verteco.app\/index.php?rest_route=%2Fwp%2Fv2%2Fmedia&parent=12994"}],"wp:term":[{"taxonomy":"product_brand","embeddable":true,"href":"https:\/\/aramiso-test.verteco.app\/index.php?rest_route=%2Fwp%2Fv2%2Fproduct_brand&post=12994"},{"taxonomy":"product_cat","embeddable":true,"href":"https:\/\/aramiso-test.verteco.app\/index.php?rest_route=%2Fwp%2Fv2%2Fproduct_cat&post=12994"},{"taxonomy":"product_tag","embeddable":true,"href":"https:\/\/aramiso-test.verteco.app\/index.php?rest_route=%2Fwp%2Fv2%2Fproduct_tag&post=12994"}],"curies":[{"name":"wp","href":"https:\/\/api.w.org\/{rel}","templated":true}]}}