{"id":12992,"date":"2025-10-26T12:48:30","date_gmt":"2025-10-26T12:48:30","guid":{"rendered":"https:\/\/aramiso-test.verteco.app\/?product=wifi-rozhranie-pre-ovladanie-prijimacov-nice"},"modified":"2025-10-26T12:48:32","modified_gmt":"2025-10-26T12:48:32","slug":"wifi-rozhranie-pre-ovladanie-prijimacov-nice","status":"publish","type":"product","link":"https:\/\/aramiso-test.verteco.app\/?product=wifi-rozhranie-pre-ovladanie-prijimacov-nice","title":{"rendered":"WIFI rozhranie pre ovl\u00e1danie prij\u00edma\u010dov NICE"},"content":{"rendered":"<p>NICE CORE je dia\u013ekov\u00fd ovl\u00e1da\u010d, ktor\u00fd ovl\u00e1date z V\u00e1\u0161ho telef\u00f3nu cez aplik\u00e1ciu MyNice. NICE CORE umiestnite v dome na miesto, kde je dobr\u00fd Wi-Fi sign\u00e1l a z\u00e1rove\u0148 bude ma\u0165 r\u00e1diov\u00fd dosah na pohony, ktor\u00e9 s n\u00edm chcete ovl\u00e1da\u0165. V aplik\u00e1cii vyberiete pohon a zad\u00e1te mu povel, n\u00e1sledne NICE CORE vy\u0161le sign\u00e1l do pohonu, rovnako, ako keby ste stla\u010dili dia\u013ekov\u00fd ovl\u00e1da\u010d.<\/p>\n<p>NICE CORE je kompatibiln\u00fd s jednosmern\u00fdmi, aj obojsmern\u00fdmi prij\u00edma\u010dmi.<\/p>\n<p>Nap\u00e1janie 5V adapt\u00e9r alebo 2x AA NiMh.<\/p>\n","protected":false},"excerpt":{"rendered":"<p>Zna\u010dka: Nice, Frekvencia (MHz): Multi (433\/868), WIFI pripojenie: 802.11b\/g\/n, Nap\u00e1janie: DC 5V\/2xAA NiMh<\/p>\n","protected":false},"featured_media":0,"comment_status":"closed","ping_status":"open","template":"","meta":[],"product_brand":[],"product_cat":[15],"product_tag":[],"class_list":{"0":"post-12992","1":"product","2":"type-product","3":"status-publish","5":"product_cat-uncategorized","7":"first","8":"instock","9":"sale","10":"purchasable","11":"product-type-simple"},"_links":{"self":[{"href":"https:\/\/aramiso-test.verteco.app\/index.php?rest_route=\/wp\/v2\/product\/12992","targetHints":{"allow":["GET"]}}],"collection":[{"href":"https:\/\/aramiso-test.verteco.app\/index.php?rest_route=\/wp\/v2\/product"}],"about":[{"href":"https:\/\/aramiso-test.verteco.app\/index.php?rest_route=\/wp\/v2\/types\/product"}],"replies":[{"embeddable":true,"href":"https:\/\/aramiso-test.verteco.app\/index.php?rest_route=%2Fwp%2Fv2%2Fcomments&post=12992"}],"wp:attachment":[{"href":"https:\/\/aramiso-test.verteco.app\/index.php?rest_route=%2Fwp%2Fv2%2Fmedia&parent=12992"}],"wp:term":[{"taxonomy":"product_brand","embeddable":true,"href":"https:\/\/aramiso-test.verteco.app\/index.php?rest_route=%2Fwp%2Fv2%2Fproduct_brand&post=12992"},{"taxonomy":"product_cat","embeddable":true,"href":"https:\/\/aramiso-test.verteco.app\/index.php?rest_route=%2Fwp%2Fv2%2Fproduct_cat&post=12992"},{"taxonomy":"product_tag","embeddable":true,"href":"https:\/\/aramiso-test.verteco.app\/index.php?rest_route=%2Fwp%2Fv2%2Fproduct_tag&post=12992"}],"curies":[{"name":"wp","href":"https:\/\/api.w.org\/{rel}","templated":true}]}}