{"id":12990,"date":"2025-10-26T12:48:30","date_gmt":"2025-10-26T12:48:30","guid":{"rendered":"https:\/\/aramiso-test.verteco.app\/?product=came-wi-fi-bluetooth-prijimac"},"modified":"2025-10-26T12:48:31","modified_gmt":"2025-10-26T12:48:31","slug":"came-wi-fi-bluetooth-prijimac","status":"publish","type":"product","link":"https:\/\/aramiso-test.verteco.app\/?product=came-wi-fi-bluetooth-prijimac","title":{"rendered":"CAME  Wi-Fi \/ Bluetooth prijima\u010d"},"content":{"rendered":"<p>Zariadenie pon\u00faka mo\u017enos\u0165 ovl\u00e1dania pohonu pomocou mob. aplik\u00e1cie.<br \/>\nK dispoz\u00edcii je rozhranie WIFI a Bluetooth.<br \/> <br \/>\n<iframe width=\"560\" height=\"315\" src=\"https:\/\/www.youtube.com\/embed\/KePvSqrMHEc?si=UAbtKrQucpGJ6_Zu\" frameborder=\"0\" allowfullscreen><\/iframe><\/p>\n","protected":false},"excerpt":{"rendered":"<p>Zna\u010dka: Came, WIFI pripojenie: \u00c1no<\/p>\n","protected":false},"featured_media":0,"comment_status":"closed","ping_status":"open","template":"","meta":[],"product_brand":[],"product_cat":[15],"product_tag":[],"class_list":{"0":"post-12990","1":"product","2":"type-product","3":"status-publish","5":"product_cat-uncategorized","7":"first","8":"onbackorder","9":"sale","10":"purchasable","11":"product-type-simple"},"_links":{"self":[{"href":"https:\/\/aramiso-test.verteco.app\/index.php?rest_route=\/wp\/v2\/product\/12990","targetHints":{"allow":["GET"]}}],"collection":[{"href":"https:\/\/aramiso-test.verteco.app\/index.php?rest_route=\/wp\/v2\/product"}],"about":[{"href":"https:\/\/aramiso-test.verteco.app\/index.php?rest_route=\/wp\/v2\/types\/product"}],"replies":[{"embeddable":true,"href":"https:\/\/aramiso-test.verteco.app\/index.php?rest_route=%2Fwp%2Fv2%2Fcomments&post=12990"}],"wp:attachment":[{"href":"https:\/\/aramiso-test.verteco.app\/index.php?rest_route=%2Fwp%2Fv2%2Fmedia&parent=12990"}],"wp:term":[{"taxonomy":"product_brand","embeddable":true,"href":"https:\/\/aramiso-test.verteco.app\/index.php?rest_route=%2Fwp%2Fv2%2Fproduct_brand&post=12990"},{"taxonomy":"product_cat","embeddable":true,"href":"https:\/\/aramiso-test.verteco.app\/index.php?rest_route=%2Fwp%2Fv2%2Fproduct_cat&post=12990"},{"taxonomy":"product_tag","embeddable":true,"href":"https:\/\/aramiso-test.verteco.app\/index.php?rest_route=%2Fwp%2Fv2%2Fproduct_tag&post=12990"}],"curies":[{"name":"wp","href":"https:\/\/api.w.org\/{rel}","templated":true}]}}