{"id":12987,"date":"2025-08-03T13:14:46","date_gmt":"2025-08-03T13:14:46","guid":{"rendered":"https:\/\/aramiso-test.verteco.app\/?product=univerzalny-dialkovy-ovladac-pre-came-key-433"},"modified":"2025-08-03T13:14:56","modified_gmt":"2025-08-03T13:14:56","slug":"univerzalny-dialkovy-ovladac-pre-came-key-433","status":"publish","type":"product","link":"https:\/\/aramiso-test.verteco.app\/?product=univerzalny-dialkovy-ovladac-pre-came-key-433","title":{"rendered":"Univerz\u00e1lny dia\u013ekov\u00fd ovl\u00e1da\u010d pre CAME, KEY,&#8230; 433"},"content":{"rendered":"<p>Univerz\u00e1lny \u0161tvorkan\u00e1lov\u00fd dia\u013ekov\u00fd ovl\u00e1da\u010d s ods\u00favacou krytkou tla\u010didiel, pevn\u00fdm k\u00f3dom na br\u00e1ny kompatibiln\u00fd s vysiela\u010dmi od viacer\u00fdch v\u00fdrobcov CAME KEY, V2. K\u00f3dy je potrebn\u00e9 skop\u00edrova\u0165 z origin\u00e1lneho vysiela\u010da.<\/p>\n<p>CAME: TOP-432-NA, TOP-432-EV(EE), TOP-434-NA, TAM-432-SA, TAM-434-SA<\/p>\n<p>KEY: TXB-42, TXB-44, SUB-44, SUB-44W<\/p>\n<p>V2: Phoenix2, Phoenix4<\/p>\n","protected":false},"excerpt":{"rendered":"<p>Zna\u010dka: Rollkit, Frekvencia (MHz): 433, Typ k\u00f3du: Fix, Typ bat\u00e9rie: 12V A27, Po\u010det kan\u00e1lov: 4<\/p>\n","protected":false},"featured_media":0,"comment_status":"closed","ping_status":"open","template":"","meta":[],"product_brand":[],"product_cat":[15],"product_tag":[],"class_list":{"0":"post-12987","1":"product","2":"type-product","3":"status-publish","5":"product_cat-uncategorized","7":"first","8":"onbackorder","9":"sale","10":"purchasable","11":"product-type-simple"},"_links":{"self":[{"href":"https:\/\/aramiso-test.verteco.app\/index.php?rest_route=\/wp\/v2\/product\/12987","targetHints":{"allow":["GET"]}}],"collection":[{"href":"https:\/\/aramiso-test.verteco.app\/index.php?rest_route=\/wp\/v2\/product"}],"about":[{"href":"https:\/\/aramiso-test.verteco.app\/index.php?rest_route=\/wp\/v2\/types\/product"}],"replies":[{"embeddable":true,"href":"https:\/\/aramiso-test.verteco.app\/index.php?rest_route=%2Fwp%2Fv2%2Fcomments&post=12987"}],"wp:attachment":[{"href":"https:\/\/aramiso-test.verteco.app\/index.php?rest_route=%2Fwp%2Fv2%2Fmedia&parent=12987"}],"wp:term":[{"taxonomy":"product_brand","embeddable":true,"href":"https:\/\/aramiso-test.verteco.app\/index.php?rest_route=%2Fwp%2Fv2%2Fproduct_brand&post=12987"},{"taxonomy":"product_cat","embeddable":true,"href":"https:\/\/aramiso-test.verteco.app\/index.php?rest_route=%2Fwp%2Fv2%2Fproduct_cat&post=12987"},{"taxonomy":"product_tag","embeddable":true,"href":"https:\/\/aramiso-test.verteco.app\/index.php?rest_route=%2Fwp%2Fv2%2Fproduct_tag&post=12987"}],"curies":[{"name":"wp","href":"https:\/\/api.w.org\/{rel}","templated":true}]}}