{"id":12957,"date":"2025-10-26T12:48:15","date_gmt":"2025-10-26T12:48:15","guid":{"rendered":"https:\/\/aramiso-test.verteco.app\/?product=rollkit-elektronika-s-prijimacom-pre-drift-80"},"modified":"2025-10-26T12:48:19","modified_gmt":"2025-10-26T12:48:19","slug":"rollkit-elektronika-s-prijimacom-pre-drift-80","status":"publish","type":"product","link":"https:\/\/aramiso-test.verteco.app\/?product=rollkit-elektronika-s-prijimacom-pre-drift-80","title":{"rendered":"ROLLKIT elektronika s prij\u00edma\u010dom pre DRIFT 80"},"content":{"rendered":"<p>Elektronika s prij\u00edma\u010dom pre DRIFT 80 s konektorom U-art. Mo\u017enos\u0165 pripojenia SMARTBOXu.<\/p>\n","protected":false},"excerpt":{"rendered":"<p>Zna\u010dka: Rollkit, WIFI pripojenie: \u00c1no, Frekvencia (MHz): 433, Typ k\u00f3du: Rolling<\/p>\n","protected":false},"featured_media":0,"comment_status":"closed","ping_status":"open","template":"","meta":[],"product_brand":[],"product_cat":[15],"product_tag":[],"class_list":{"0":"post-12957","1":"product","2":"type-product","3":"status-publish","5":"product_cat-uncategorized","7":"first","8":"onbackorder","9":"sale","10":"purchasable","11":"product-type-simple"},"_links":{"self":[{"href":"https:\/\/aramiso-test.verteco.app\/index.php?rest_route=\/wp\/v2\/product\/12957","targetHints":{"allow":["GET"]}}],"collection":[{"href":"https:\/\/aramiso-test.verteco.app\/index.php?rest_route=\/wp\/v2\/product"}],"about":[{"href":"https:\/\/aramiso-test.verteco.app\/index.php?rest_route=\/wp\/v2\/types\/product"}],"replies":[{"embeddable":true,"href":"https:\/\/aramiso-test.verteco.app\/index.php?rest_route=%2Fwp%2Fv2%2Fcomments&post=12957"}],"wp:attachment":[{"href":"https:\/\/aramiso-test.verteco.app\/index.php?rest_route=%2Fwp%2Fv2%2Fmedia&parent=12957"}],"wp:term":[{"taxonomy":"product_brand","embeddable":true,"href":"https:\/\/aramiso-test.verteco.app\/index.php?rest_route=%2Fwp%2Fv2%2Fproduct_brand&post=12957"},{"taxonomy":"product_cat","embeddable":true,"href":"https:\/\/aramiso-test.verteco.app\/index.php?rest_route=%2Fwp%2Fv2%2Fproduct_cat&post=12957"},{"taxonomy":"product_tag","embeddable":true,"href":"https:\/\/aramiso-test.verteco.app\/index.php?rest_route=%2Fwp%2Fv2%2Fproduct_tag&post=12957"}],"curies":[{"name":"wp","href":"https:\/\/api.w.org\/{rel}","templated":true}]}}