{"id":12956,"date":"2025-08-03T13:14:32","date_gmt":"2025-08-03T13:14:32","guid":{"rendered":"https:\/\/aramiso-test.verteco.app\/?product=kable-pre-pripojenie-zaloznych-baterii-pre-drift40-80"},"modified":"2025-08-03T13:14:32","modified_gmt":"2025-08-03T13:14:32","slug":"kable-pre-pripojenie-zaloznych-baterii-pre-drift40-80","status":"publish","type":"product","link":"https:\/\/aramiso-test.verteco.app\/?product=kable-pre-pripojenie-zaloznych-baterii-pre-drift40-80","title":{"rendered":"K\u00e1ble pre pripojenie z\u00e1lo\u017en\u00fdch bat\u00e9rii pre Drift40\/80"},"content":{"rendered":"<p>Parametre  bat\u00e9rie:<br \/>\nTurn2020 &#8211; 12V \/ 2.2A &#8211; 2ks<br \/>\nDrift40\/80, Arm2050 &#8211; 12V \/ 1.3A &#8211; 2ks<\/p>\n","protected":false},"excerpt":{"rendered":"<p>Zna\u010dka: Rollkit<\/p>\n","protected":false},"featured_media":0,"comment_status":"closed","ping_status":"open","template":"","meta":[],"product_brand":[],"product_cat":[15],"product_tag":[],"class_list":{"0":"post-12956","1":"product","2":"type-product","3":"status-publish","5":"product_cat-uncategorized","7":"first","8":"onbackorder","9":"sale","10":"purchasable","11":"product-type-simple"},"_links":{"self":[{"href":"https:\/\/aramiso-test.verteco.app\/index.php?rest_route=\/wp\/v2\/product\/12956","targetHints":{"allow":["GET"]}}],"collection":[{"href":"https:\/\/aramiso-test.verteco.app\/index.php?rest_route=\/wp\/v2\/product"}],"about":[{"href":"https:\/\/aramiso-test.verteco.app\/index.php?rest_route=\/wp\/v2\/types\/product"}],"replies":[{"embeddable":true,"href":"https:\/\/aramiso-test.verteco.app\/index.php?rest_route=%2Fwp%2Fv2%2Fcomments&post=12956"}],"wp:attachment":[{"href":"https:\/\/aramiso-test.verteco.app\/index.php?rest_route=%2Fwp%2Fv2%2Fmedia&parent=12956"}],"wp:term":[{"taxonomy":"product_brand","embeddable":true,"href":"https:\/\/aramiso-test.verteco.app\/index.php?rest_route=%2Fwp%2Fv2%2Fproduct_brand&post=12956"},{"taxonomy":"product_cat","embeddable":true,"href":"https:\/\/aramiso-test.verteco.app\/index.php?rest_route=%2Fwp%2Fv2%2Fproduct_cat&post=12956"},{"taxonomy":"product_tag","embeddable":true,"href":"https:\/\/aramiso-test.verteco.app\/index.php?rest_route=%2Fwp%2Fv2%2Fproduct_tag&post=12956"}],"curies":[{"name":"wp","href":"https:\/\/api.w.org\/{rel}","templated":true}]}}