{"id":12912,"date":"2025-10-26T12:48:07","date_gmt":"2025-10-26T12:48:07","guid":{"rendered":"https:\/\/aramiso-test.verteco.app\/?product=skrinka-pre-elektroniku-mc424-mc824h"},"modified":"2025-10-26T12:48:09","modified_gmt":"2025-10-26T12:48:09","slug":"skrinka-pre-elektroniku-mc424-mc824h","status":"publish","type":"product","link":"https:\/\/aramiso-test.verteco.app\/?product=skrinka-pre-elektroniku-mc424-mc824h","title":{"rendered":"Skrinka pre elektroniku MC424\/MC824H"},"content":{"rendered":"<p>Skrinka bez transform\u00e1tora s usmer\u0148ova\u010dom pre elektroniku MC424\/MC824H<\/p>\n","protected":false},"excerpt":{"rendered":"<p>Zna\u010dka: Nice<\/p>\n","protected":false},"featured_media":0,"comment_status":"closed","ping_status":"open","template":"","meta":[],"product_brand":[],"product_cat":[15],"product_tag":[],"class_list":{"0":"post-12912","1":"product","2":"type-product","3":"status-publish","5":"product_cat-uncategorized","7":"first","8":"onbackorder","9":"sale","10":"purchasable","11":"product-type-simple"},"_links":{"self":[{"href":"https:\/\/aramiso-test.verteco.app\/index.php?rest_route=\/wp\/v2\/product\/12912","targetHints":{"allow":["GET"]}}],"collection":[{"href":"https:\/\/aramiso-test.verteco.app\/index.php?rest_route=\/wp\/v2\/product"}],"about":[{"href":"https:\/\/aramiso-test.verteco.app\/index.php?rest_route=\/wp\/v2\/types\/product"}],"replies":[{"embeddable":true,"href":"https:\/\/aramiso-test.verteco.app\/index.php?rest_route=%2Fwp%2Fv2%2Fcomments&post=12912"}],"wp:attachment":[{"href":"https:\/\/aramiso-test.verteco.app\/index.php?rest_route=%2Fwp%2Fv2%2Fmedia&parent=12912"}],"wp:term":[{"taxonomy":"product_brand","embeddable":true,"href":"https:\/\/aramiso-test.verteco.app\/index.php?rest_route=%2Fwp%2Fv2%2Fproduct_brand&post=12912"},{"taxonomy":"product_cat","embeddable":true,"href":"https:\/\/aramiso-test.verteco.app\/index.php?rest_route=%2Fwp%2Fv2%2Fproduct_cat&post=12912"},{"taxonomy":"product_tag","embeddable":true,"href":"https:\/\/aramiso-test.verteco.app\/index.php?rest_route=%2Fwp%2Fv2%2Fproduct_tag&post=12912"}],"curies":[{"name":"wp","href":"https:\/\/api.w.org\/{rel}","templated":true}]}}