{"id":12893,"date":"2025-08-03T13:12:36","date_gmt":"2025-08-03T13:12:36","guid":{"rendered":"https:\/\/aramiso-test.verteco.app\/?product=zalozna-bateria-pre-pohony-came-12v-12ah"},"modified":"2025-08-03T13:12:48","modified_gmt":"2025-08-03T13:12:48","slug":"zalozna-bateria-pre-pohony-came-12v-12ah","status":"publish","type":"product","link":"https:\/\/aramiso-test.verteco.app\/?product=zalozna-bateria-pre-pohony-came-12v-12ah","title":{"rendered":"Z\u00e1lo\u017en\u00e1 bat\u00e9ria pre pohony Came 12V-1,2Ah"},"content":{"rendered":"<p>Z\u00e1lo\u017en\u00e1 bat\u00e9ria pre pohony CAME, 12V-1,2Ah<\/p>\n","protected":false},"excerpt":{"rendered":"<p>Zna\u010dka: Came<\/p>\n","protected":false},"featured_media":0,"comment_status":"closed","ping_status":"open","template":"","meta":[],"product_brand":[],"product_cat":[15],"product_tag":[],"class_list":{"0":"post-12893","1":"product","2":"type-product","3":"status-publish","5":"product_cat-uncategorized","7":"first","8":"onbackorder","9":"sale","10":"purchasable","11":"product-type-simple"},"_links":{"self":[{"href":"https:\/\/aramiso-test.verteco.app\/index.php?rest_route=\/wp\/v2\/product\/12893","targetHints":{"allow":["GET"]}}],"collection":[{"href":"https:\/\/aramiso-test.verteco.app\/index.php?rest_route=\/wp\/v2\/product"}],"about":[{"href":"https:\/\/aramiso-test.verteco.app\/index.php?rest_route=\/wp\/v2\/types\/product"}],"replies":[{"embeddable":true,"href":"https:\/\/aramiso-test.verteco.app\/index.php?rest_route=%2Fwp%2Fv2%2Fcomments&post=12893"}],"wp:attachment":[{"href":"https:\/\/aramiso-test.verteco.app\/index.php?rest_route=%2Fwp%2Fv2%2Fmedia&parent=12893"}],"wp:term":[{"taxonomy":"product_brand","embeddable":true,"href":"https:\/\/aramiso-test.verteco.app\/index.php?rest_route=%2Fwp%2Fv2%2Fproduct_brand&post=12893"},{"taxonomy":"product_cat","embeddable":true,"href":"https:\/\/aramiso-test.verteco.app\/index.php?rest_route=%2Fwp%2Fv2%2Fproduct_cat&post=12893"},{"taxonomy":"product_tag","embeddable":true,"href":"https:\/\/aramiso-test.verteco.app\/index.php?rest_route=%2Fwp%2Fv2%2Fproduct_tag&post=12893"}],"curies":[{"name":"wp","href":"https:\/\/api.w.org\/{rel}","templated":true}]}}