{"id":12821,"date":"2025-08-31T11:10:33","date_gmt":"2025-08-31T11:10:33","guid":{"rendered":"https:\/\/aramiso-test.verteco.app\/?product=elektronika-pre-pohony-bxl"},"modified":"2025-08-31T11:10:34","modified_gmt":"2025-08-31T11:10:34","slug":"elektronika-pre-pohony-bxl","status":"publish","type":"product","link":"https:\/\/aramiso-test.verteco.app\/?product=elektronika-pre-pohony-bxl","title":{"rendered":"Elektronika pre pohony BXL"},"content":{"rendered":"<p>Elektronika CAME pre posuvn\u00e9 br\u00e1ny. Elektronika m\u00e1 roz\u0161\u00edren\u00e9 funkcie.<\/p>\n","protected":false},"excerpt":{"rendered":"<p>Zna\u010dka: Came<\/p>\n","protected":false},"featured_media":0,"comment_status":"closed","ping_status":"open","template":"","meta":[],"product_brand":[],"product_cat":[15],"product_tag":[],"class_list":{"0":"post-12821","1":"product","2":"type-product","3":"status-publish","5":"product_cat-uncategorized","7":"first","8":"instock","9":"sale","10":"purchasable","11":"product-type-simple"},"_links":{"self":[{"href":"https:\/\/aramiso-test.verteco.app\/index.php?rest_route=\/wp\/v2\/product\/12821","targetHints":{"allow":["GET"]}}],"collection":[{"href":"https:\/\/aramiso-test.verteco.app\/index.php?rest_route=\/wp\/v2\/product"}],"about":[{"href":"https:\/\/aramiso-test.verteco.app\/index.php?rest_route=\/wp\/v2\/types\/product"}],"replies":[{"embeddable":true,"href":"https:\/\/aramiso-test.verteco.app\/index.php?rest_route=%2Fwp%2Fv2%2Fcomments&post=12821"}],"wp:attachment":[{"href":"https:\/\/aramiso-test.verteco.app\/index.php?rest_route=%2Fwp%2Fv2%2Fmedia&parent=12821"}],"wp:term":[{"taxonomy":"product_brand","embeddable":true,"href":"https:\/\/aramiso-test.verteco.app\/index.php?rest_route=%2Fwp%2Fv2%2Fproduct_brand&post=12821"},{"taxonomy":"product_cat","embeddable":true,"href":"https:\/\/aramiso-test.verteco.app\/index.php?rest_route=%2Fwp%2Fv2%2Fproduct_cat&post=12821"},{"taxonomy":"product_tag","embeddable":true,"href":"https:\/\/aramiso-test.verteco.app\/index.php?rest_route=%2Fwp%2Fv2%2Fproduct_tag&post=12821"}],"curies":[{"name":"wp","href":"https:\/\/api.w.org\/{rel}","templated":true}]}}