{"id":12709,"date":"2025-08-03T13:08:18","date_gmt":"2025-08-03T13:08:18","guid":{"rendered":"https:\/\/aramiso-test.verteco.app\/?product=odblokovaci-mechanizmus-so-zamkom-pre-rd-rb400"},"modified":"2025-08-03T13:08:29","modified_gmt":"2025-08-03T13:08:29","slug":"odblokovaci-mechanizmus-so-zamkom-pre-rd-rb400","status":"publish","type":"product","link":"https:\/\/aramiso-test.verteco.app\/?product=odblokovaci-mechanizmus-so-zamkom-pre-rd-rb400","title":{"rendered":"Odblokovac\u00ed mechanizmus so z\u00e1mkom pre RD\/RB400"},"content":{"rendered":"<p>Odblokovac\u00ed mechanizmus so z\u00e1mkom pre ROBUS RB350 (plastovy klu\u010d)<\/p>\n","protected":false},"excerpt":{"rendered":"<p>Zna\u010dka: Nice<\/p>\n","protected":false},"featured_media":0,"comment_status":"closed","ping_status":"open","template":"","meta":[],"product_brand":[],"product_cat":[15],"product_tag":[],"class_list":{"0":"post-12709","1":"product","2":"type-product","3":"status-publish","5":"product_cat-uncategorized","7":"first","8":"instock","9":"sale","10":"purchasable","11":"product-type-simple"},"_links":{"self":[{"href":"https:\/\/aramiso-test.verteco.app\/index.php?rest_route=\/wp\/v2\/product\/12709","targetHints":{"allow":["GET"]}}],"collection":[{"href":"https:\/\/aramiso-test.verteco.app\/index.php?rest_route=\/wp\/v2\/product"}],"about":[{"href":"https:\/\/aramiso-test.verteco.app\/index.php?rest_route=\/wp\/v2\/types\/product"}],"replies":[{"embeddable":true,"href":"https:\/\/aramiso-test.verteco.app\/index.php?rest_route=%2Fwp%2Fv2%2Fcomments&post=12709"}],"wp:attachment":[{"href":"https:\/\/aramiso-test.verteco.app\/index.php?rest_route=%2Fwp%2Fv2%2Fmedia&parent=12709"}],"wp:term":[{"taxonomy":"product_brand","embeddable":true,"href":"https:\/\/aramiso-test.verteco.app\/index.php?rest_route=%2Fwp%2Fv2%2Fproduct_brand&post=12709"},{"taxonomy":"product_cat","embeddable":true,"href":"https:\/\/aramiso-test.verteco.app\/index.php?rest_route=%2Fwp%2Fv2%2Fproduct_cat&post=12709"},{"taxonomy":"product_tag","embeddable":true,"href":"https:\/\/aramiso-test.verteco.app\/index.php?rest_route=%2Fwp%2Fv2%2Fproduct_tag&post=12709"}],"curies":[{"name":"wp","href":"https:\/\/api.w.org\/{rel}","templated":true}]}}