{"id":12689,"date":"2025-10-26T12:46:09","date_gmt":"2025-10-26T12:46:09","guid":{"rendered":"https:\/\/aramiso-test.verteco.app\/?product=hlinikova-jednokridlova-brana-1025x150m-s-vyplnou-20x100-r7016-set"},"modified":"2025-10-26T12:46:11","modified_gmt":"2025-10-26T12:46:11","slug":"hlinikova-jednokridlova-brana-1025x150m-s-vyplnou-20x100-r7016-set","status":"publish","type":"product","link":"https:\/\/aramiso-test.verteco.app\/?product=hlinikova-jednokridlova-brana-1025x150m-s-vyplnou-20x100-r7016-set","title":{"rendered":"Hlin\u00edkov\u00e1 jednokr\u00eddlov\u00e1 br\u00e1na 1,025&#215;1,50m s v\u00fdpl\u0148ou 20&#215;100 R7016 &#8211; set"},"content":{"rendered":"<p>Jednokr\u00eddlov\u00e1 hlin\u00edkov\u00e1 br\u00e1na &#8211; mont\u00e1\u017eny set 0,925 x 1,50 m<br \/>\nHlin\u00edkov\u00e1 jednokr\u00eddlov\u00e1 br\u00e1na s rozmermi 0,925 x 1,50 m je modern\u00fdm a elegantn\u00fdm rie\u0161en\u00edm pre v\u00e1\u0161 domov. V\u00fdpl\u0148 br\u00e1ny je tvoren\u00e1 lamelami s rozmermi 20 x 100 mm, ktor\u00e9 s\u00fa medzi sebou oddelen\u00e9 medzerami, \u010do zabezpe\u010duje vyv\u00e1\u017een\u00fd pomer medzi s\u00fakrom\u00edm a pr\u00edstupom svetla. Tento dizajn poskytuje elegantn\u00fd vzh\u013ead a zachov\u00e1va otvoren\u00fa atmosf\u00e9ru, \u010do je d\u00f4le\u017eit\u00e9 najm\u00e4 v rodinn\u00fdch domoch a z\u00e1hrad\u00e1ch. <\/p>\n<p><strong>Pr\u00e1\u0161kov\u00e1 \u00faprava pre dlh\u00fa \u017eivotnos\u0165<\/strong><br \/>\nBr\u00e1na je pokryt\u00e1 odolnou antracitovou pr\u00e1\u0161kovou farbou (RAL 7016), ktor\u00e1 zvy\u0161uje jej odolnos\u0165 vo\u010di mechanick\u00e9mu opotrebeniu, slne\u010dn\u00e9mu \u017eiareniu a nepriazniv\u00fdm poveternostn\u00fdm podmienkam. \u0160trukt\u00farovan\u00fd povrch nielen \u017ee dod\u00e1va estetick\u00fd rozmer, ale takisto zabezpe\u010duje dlh\u00fa \u017eivotnos\u0165, \u010d\u00edm minimalizuje potrebu pravidelnej \u00fadr\u017eby. Hlin\u00edk EN AW-6060-T6, odol\u00e1va kor\u00f3zii, \u010do zaru\u010duje, \u017ee si br\u00e1na aj po rokoch zachov\u00e1 svoj p\u00f4vodn\u00fd vzh\u013ead. <\/p>\n<p><strong>Jednoduch\u00e1 a r\u00fdchla mont\u00e1\u017e &#8211; bez zv\u00e1rania<\/strong><br \/>\nBr\u00e1na je dod\u00e1van\u00e1 ako mont\u00e1\u017eny set, \u010do znamen\u00e1, \u017ee jej in\u0161tal\u00e1cia je r\u00fdchla a jednoduch\u00e1. Nevy\u017eaduje zv\u00e1ranie, \u010do zjednodu\u0161uje cel\u00fd proces mont\u00e1\u017ee. Zoznam komponentov, ktor\u00e9 sa nach\u00e1dzaj\u00fa v sete n\u00e1jdete v sekcii Diely setu. Set neobsahuje kotviaci materi\u00e1l. <\/p>\n<p><strong>Praktick\u00e9 a estetick\u00e9 vyu\u017eitie<\/strong><br \/>\nTento typ hlin\u00edkovej br\u00e1ny je vhodn\u00fd nielen pre rodinn\u00e9 domy, ale aj pre komer\u010dn\u00e9 objekty. V\u010faka svojim vlastnostiam je ide\u00e1lnym rie\u0161en\u00edm na vytvorenie bezpe\u010dn\u00e9ho a \u0161t\u00fdlov\u00e9ho vstupu do v\u00e1\u0161ho priestoru. Kombin\u00e1cia modern\u00e9ho dizajnu, odoln\u00e9ho materi\u00e1lu a jednoduch\u00e9ho upevnenia rob\u00ed z tejto br\u00e1ny v\u00fdnimo\u010dn\u00fa vo\u013ebu pre ka\u017ed\u00e9ho, kto h\u013ead\u00e1 kvalitu a eleganciu vo svojom exteri\u00e9ri.<\/p>\n","protected":false},"excerpt":{"rendered":"<p>Materi\u00e1l: Nerez AISI 304\/Hlin\u00edk, Povrchov\u00e1 \u00faprava: Pr\u00e1\u0161kovan\u00fd s text\u00farou, Vzh\u013ead: Antracit RAL7016<\/p>\n","protected":false},"featured_media":0,"comment_status":"closed","ping_status":"open","template":"","meta":[],"product_brand":[],"product_cat":[15],"product_tag":[],"class_list":{"0":"post-12689","1":"product","2":"type-product","3":"status-publish","5":"product_cat-uncategorized","7":"first","8":"instock","9":"sale","10":"purchasable","11":"product-type-simple"},"_links":{"self":[{"href":"https:\/\/aramiso-test.verteco.app\/index.php?rest_route=\/wp\/v2\/product\/12689","targetHints":{"allow":["GET"]}}],"collection":[{"href":"https:\/\/aramiso-test.verteco.app\/index.php?rest_route=\/wp\/v2\/product"}],"about":[{"href":"https:\/\/aramiso-test.verteco.app\/index.php?rest_route=\/wp\/v2\/types\/product"}],"replies":[{"embeddable":true,"href":"https:\/\/aramiso-test.verteco.app\/index.php?rest_route=%2Fwp%2Fv2%2Fcomments&post=12689"}],"wp:attachment":[{"href":"https:\/\/aramiso-test.verteco.app\/index.php?rest_route=%2Fwp%2Fv2%2Fmedia&parent=12689"}],"wp:term":[{"taxonomy":"product_brand","embeddable":true,"href":"https:\/\/aramiso-test.verteco.app\/index.php?rest_route=%2Fwp%2Fv2%2Fproduct_brand&post=12689"},{"taxonomy":"product_cat","embeddable":true,"href":"https:\/\/aramiso-test.verteco.app\/index.php?rest_route=%2Fwp%2Fv2%2Fproduct_cat&post=12689"},{"taxonomy":"product_tag","embeddable":true,"href":"https:\/\/aramiso-test.verteco.app\/index.php?rest_route=%2Fwp%2Fv2%2Fproduct_tag&post=12689"}],"curies":[{"name":"wp","href":"https:\/\/api.w.org\/{rel}","templated":true}]}}