{"id":12664,"date":"2025-08-03T13:06:55","date_gmt":"2025-08-03T13:06:55","guid":{"rendered":"https:\/\/aramiso-test.verteco.app\/?product=nerezova-kotviaca-platna-pre-stlpik-50x60-r7016-2"},"modified":"2025-08-03T13:07:00","modified_gmt":"2025-08-03T13:07:00","slug":"nerezova-kotviaca-platna-pre-stlpik-50x60-r7016-2","status":"publish","type":"product","link":"https:\/\/aramiso-test.verteco.app\/?product=nerezova-kotviaca-platna-pre-stlpik-50x60-r7016-2","title":{"rendered":"Nerezov\u00e1 kotviaca plat\u0148a pre st\u013apik 50&#215;60 R7016"},"content":{"rendered":"","protected":false},"excerpt":{"rendered":"<p>Materi\u00e1l: Nerez AISI 304, Povrchov\u00e1 \u00faprava: Pr\u00e1\u0161kovan\u00fd s text\u00farou, Vzh\u013ead: Antracit RAL7016<\/p>\n","protected":false},"featured_media":0,"comment_status":"closed","ping_status":"open","template":"","meta":[],"product_brand":[],"product_cat":[15],"product_tag":[],"class_list":{"0":"post-12664","1":"product","2":"type-product","3":"status-publish","5":"product_cat-uncategorized","7":"first","8":"onbackorder","9":"sale","10":"purchasable","11":"product-type-simple"},"_links":{"self":[{"href":"https:\/\/aramiso-test.verteco.app\/index.php?rest_route=\/wp\/v2\/product\/12664","targetHints":{"allow":["GET"]}}],"collection":[{"href":"https:\/\/aramiso-test.verteco.app\/index.php?rest_route=\/wp\/v2\/product"}],"about":[{"href":"https:\/\/aramiso-test.verteco.app\/index.php?rest_route=\/wp\/v2\/types\/product"}],"replies":[{"embeddable":true,"href":"https:\/\/aramiso-test.verteco.app\/index.php?rest_route=%2Fwp%2Fv2%2Fcomments&post=12664"}],"wp:attachment":[{"href":"https:\/\/aramiso-test.verteco.app\/index.php?rest_route=%2Fwp%2Fv2%2Fmedia&parent=12664"}],"wp:term":[{"taxonomy":"product_brand","embeddable":true,"href":"https:\/\/aramiso-test.verteco.app\/index.php?rest_route=%2Fwp%2Fv2%2Fproduct_brand&post=12664"},{"taxonomy":"product_cat","embeddable":true,"href":"https:\/\/aramiso-test.verteco.app\/index.php?rest_route=%2Fwp%2Fv2%2Fproduct_cat&post=12664"},{"taxonomy":"product_tag","embeddable":true,"href":"https:\/\/aramiso-test.verteco.app\/index.php?rest_route=%2Fwp%2Fv2%2Fproduct_tag&post=12664"}],"curies":[{"name":"wp","href":"https:\/\/api.w.org\/{rel}","templated":true}]}}