{"id":12634,"date":"2025-08-03T13:06:29","date_gmt":"2025-08-03T13:06:29","guid":{"rendered":"https:\/\/aramiso-test.verteco.app\/?product=zaslepka-lanka-3"},"modified":"2025-08-03T13:06:39","modified_gmt":"2025-08-03T13:06:39","slug":"zaslepka-lanka-3","status":"publish","type":"product","link":"https:\/\/aramiso-test.verteco.app\/?product=zaslepka-lanka-3","title":{"rendered":"Zaslepka lanka"},"content":{"rendered":"<p>Plastova zaslepka lanka<\/p>\n","protected":false},"excerpt":{"rendered":"<p>Materi\u00e1l: Guma, Povrchov\u00e1 \u00faprava: Natural, V\u00fdpl\u0148: Lanko, Vzh\u013ead: \u010cierna<\/p>\n","protected":false},"featured_media":0,"comment_status":"closed","ping_status":"open","template":"","meta":[],"product_brand":[],"product_cat":[15],"product_tag":[],"class_list":{"0":"post-12634","1":"product","2":"type-product","3":"status-publish","5":"product_cat-uncategorized","7":"first","8":"onbackorder","9":"sale","10":"purchasable","11":"product-type-simple"},"_links":{"self":[{"href":"https:\/\/aramiso-test.verteco.app\/index.php?rest_route=\/wp\/v2\/product\/12634","targetHints":{"allow":["GET"]}}],"collection":[{"href":"https:\/\/aramiso-test.verteco.app\/index.php?rest_route=\/wp\/v2\/product"}],"about":[{"href":"https:\/\/aramiso-test.verteco.app\/index.php?rest_route=\/wp\/v2\/types\/product"}],"replies":[{"embeddable":true,"href":"https:\/\/aramiso-test.verteco.app\/index.php?rest_route=%2Fwp%2Fv2%2Fcomments&post=12634"}],"wp:attachment":[{"href":"https:\/\/aramiso-test.verteco.app\/index.php?rest_route=%2Fwp%2Fv2%2Fmedia&parent=12634"}],"wp:term":[{"taxonomy":"product_brand","embeddable":true,"href":"https:\/\/aramiso-test.verteco.app\/index.php?rest_route=%2Fwp%2Fv2%2Fproduct_brand&post=12634"},{"taxonomy":"product_cat","embeddable":true,"href":"https:\/\/aramiso-test.verteco.app\/index.php?rest_route=%2Fwp%2Fv2%2Fproduct_cat&post=12634"},{"taxonomy":"product_tag","embeddable":true,"href":"https:\/\/aramiso-test.verteco.app\/index.php?rest_route=%2Fwp%2Fv2%2Fproduct_tag&post=12634"}],"curies":[{"name":"wp","href":"https:\/\/api.w.org\/{rel}","templated":true}]}}