{"id":12627,"date":"2025-10-26T12:44:50","date_gmt":"2025-10-26T12:44:50","guid":{"rendered":"https:\/\/aramiso-test.verteco.app\/?product=krizova-spojka-lanka"},"modified":"2025-10-26T12:44:51","modified_gmt":"2025-10-26T12:44:51","slug":"krizova-spojka-lanka","status":"publish","type":"product","link":"https:\/\/aramiso-test.verteco.app\/?product=krizova-spojka-lanka","title":{"rendered":"Kr\u00ed\u017eov\u00e1 spojka lanka"},"content":{"rendered":"<p>Plastov\u00e1 kr\u00ed\u017eov\u00e1 spojka lanka uchytenie priechodzych laniek.<\/p>\n","protected":false},"excerpt":{"rendered":"<p>Materi\u00e1l: PA6, Povrchov\u00e1 \u00faprava: Natural, V\u00fdpl\u0148: Lanko, Vzh\u013ead: \u010cierna RAL 9004, Priemer lanka: 3 mm<\/p>\n","protected":false},"featured_media":0,"comment_status":"closed","ping_status":"open","template":"","meta":[],"product_brand":[],"product_cat":[15],"product_tag":[],"class_list":{"0":"post-12627","1":"product","2":"type-product","3":"status-publish","5":"product_cat-uncategorized","7":"first","8":"onbackorder","9":"sale","10":"purchasable","11":"product-type-simple"},"_links":{"self":[{"href":"https:\/\/aramiso-test.verteco.app\/index.php?rest_route=\/wp\/v2\/product\/12627","targetHints":{"allow":["GET"]}}],"collection":[{"href":"https:\/\/aramiso-test.verteco.app\/index.php?rest_route=\/wp\/v2\/product"}],"about":[{"href":"https:\/\/aramiso-test.verteco.app\/index.php?rest_route=\/wp\/v2\/types\/product"}],"replies":[{"embeddable":true,"href":"https:\/\/aramiso-test.verteco.app\/index.php?rest_route=%2Fwp%2Fv2%2Fcomments&post=12627"}],"wp:attachment":[{"href":"https:\/\/aramiso-test.verteco.app\/index.php?rest_route=%2Fwp%2Fv2%2Fmedia&parent=12627"}],"wp:term":[{"taxonomy":"product_brand","embeddable":true,"href":"https:\/\/aramiso-test.verteco.app\/index.php?rest_route=%2Fwp%2Fv2%2Fproduct_brand&post=12627"},{"taxonomy":"product_cat","embeddable":true,"href":"https:\/\/aramiso-test.verteco.app\/index.php?rest_route=%2Fwp%2Fv2%2Fproduct_cat&post=12627"},{"taxonomy":"product_tag","embeddable":true,"href":"https:\/\/aramiso-test.verteco.app\/index.php?rest_route=%2Fwp%2Fv2%2Fproduct_tag&post=12627"}],"curies":[{"name":"wp","href":"https:\/\/api.w.org\/{rel}","templated":true}]}}