{"id":12616,"date":"2025-10-26T12:44:49","date_gmt":"2025-10-26T12:44:49","guid":{"rendered":"https:\/\/aramiso-test.verteco.app\/?product=montazna-sada-zimna-pre-carport"},"modified":"2025-10-26T12:44:50","modified_gmt":"2025-10-26T12:44:50","slug":"montazna-sada-zimna-pre-carport","status":"publish","type":"product","link":"https:\/\/aramiso-test.verteco.app\/?product=montazna-sada-zimna-pre-carport","title":{"rendered":"Mont\u00e1\u017ena sada &#8211; zimn\u00e1 pre CARPORT"},"content":{"rendered":"<p>Mont\u00e1\u017ena sada &#8211; na zimu pre CARPORT obsahuje:<br \/>\n-Z\u00e1vitov\u00e1 ty\u010d &#8211; nerez AISI304, M16\/L1000mm  2x<br \/>\n-Podlo\u017eka \u0161irok\u00e1 &#8211; nerez AISI316, M16mm  8x<br \/>\n-Matica \u0161es\u0165hrann\u00e1 &#8211; nerez AISI304, M16mm  8x<br \/>\n-Kotva chemick\u00e1 410ml, -20\u00b0C vinylester  1x<\/p>\n","protected":false},"excerpt":{"rendered":"<p>Mont\u00e1\u017ena sada &#8211; na zimu pre CARPORT obsahuje: -Z\u00e1vitov\u00e1 ty\u010d &#8211; nerez AISI304, M16\/L1000mm 2x -Podlo\u017eka \u0161irok\u00e1 &#8211; nerez AISI316, M16mm 8x -Matica \u0161es\u0165hrann\u00e1 &#8211; nerez AISI304, M16mm 8x -Kotva chemick\u00e1 410ml, -20\u00b0C vinylester 1x<\/p>\n","protected":false},"featured_media":0,"comment_status":"closed","ping_status":"open","template":"","meta":[],"product_brand":[],"product_cat":[15],"product_tag":[],"class_list":{"0":"post-12616","1":"product","2":"type-product","3":"status-publish","5":"product_cat-uncategorized","7":"first","8":"instock","9":"sale","10":"purchasable","11":"product-type-simple"},"_links":{"self":[{"href":"https:\/\/aramiso-test.verteco.app\/index.php?rest_route=\/wp\/v2\/product\/12616","targetHints":{"allow":["GET"]}}],"collection":[{"href":"https:\/\/aramiso-test.verteco.app\/index.php?rest_route=\/wp\/v2\/product"}],"about":[{"href":"https:\/\/aramiso-test.verteco.app\/index.php?rest_route=\/wp\/v2\/types\/product"}],"replies":[{"embeddable":true,"href":"https:\/\/aramiso-test.verteco.app\/index.php?rest_route=%2Fwp%2Fv2%2Fcomments&post=12616"}],"wp:attachment":[{"href":"https:\/\/aramiso-test.verteco.app\/index.php?rest_route=%2Fwp%2Fv2%2Fmedia&parent=12616"}],"wp:term":[{"taxonomy":"product_brand","embeddable":true,"href":"https:\/\/aramiso-test.verteco.app\/index.php?rest_route=%2Fwp%2Fv2%2Fproduct_brand&post=12616"},{"taxonomy":"product_cat","embeddable":true,"href":"https:\/\/aramiso-test.verteco.app\/index.php?rest_route=%2Fwp%2Fv2%2Fproduct_cat&post=12616"},{"taxonomy":"product_tag","embeddable":true,"href":"https:\/\/aramiso-test.verteco.app\/index.php?rest_route=%2Fwp%2Fv2%2Fproduct_tag&post=12616"}],"curies":[{"name":"wp","href":"https:\/\/api.w.org\/{rel}","templated":true}]}}