{"id":12575,"date":"2025-10-26T12:44:42","date_gmt":"2025-10-26T12:44:42","guid":{"rendered":"https:\/\/aramiso-test.verteco.app\/?product=stredova-svorka-30-40mm-ramu-fv-panela"},"modified":"2025-10-26T12:44:46","modified_gmt":"2025-10-26T12:44:46","slug":"stredova-svorka-30-40mm-ramu-fv-panela","status":"publish","type":"product","link":"https:\/\/aramiso-test.verteco.app\/?product=stredova-svorka-30-40mm-ramu-fv-panela","title":{"rendered":"Stredov\u00e1 svorka 30-40mm r\u00e1mu FV panela"},"content":{"rendered":"<p>Svorku je mo\u017en\u00e9 vlo\u017ei\u0165 z hora do profilu. Nerezov\u00e1 zemniaca podlo\u017eka s t\u0155\u0148ami naru\u0161\u00ed vrstvu eloxu \u010d\u00edm zabezpe\u010d\u00ed vyrovnanie el. potenc\u00e1lov medzi panelmi a mont\u00e1\u017enym syst\u00e9mom. Pru\u017eina zabezpe\u010d\u00ed polohovanie na profile pred dotiahnut\u00edm.<\/p>\n","protected":false},"excerpt":{"rendered":"<p>Materi\u00e1l: Nerez AISI 304\/Hlin\u00edk<\/p>\n","protected":false},"featured_media":0,"comment_status":"closed","ping_status":"open","template":"","meta":[],"product_brand":[],"product_cat":[15],"product_tag":[],"class_list":{"0":"post-12575","1":"product","2":"type-product","3":"status-publish","5":"product_cat-uncategorized","7":"first","8":"onbackorder","9":"sale","10":"purchasable","11":"product-type-simple"},"_links":{"self":[{"href":"https:\/\/aramiso-test.verteco.app\/index.php?rest_route=\/wp\/v2\/product\/12575","targetHints":{"allow":["GET"]}}],"collection":[{"href":"https:\/\/aramiso-test.verteco.app\/index.php?rest_route=\/wp\/v2\/product"}],"about":[{"href":"https:\/\/aramiso-test.verteco.app\/index.php?rest_route=\/wp\/v2\/types\/product"}],"replies":[{"embeddable":true,"href":"https:\/\/aramiso-test.verteco.app\/index.php?rest_route=%2Fwp%2Fv2%2Fcomments&post=12575"}],"wp:attachment":[{"href":"https:\/\/aramiso-test.verteco.app\/index.php?rest_route=%2Fwp%2Fv2%2Fmedia&parent=12575"}],"wp:term":[{"taxonomy":"product_brand","embeddable":true,"href":"https:\/\/aramiso-test.verteco.app\/index.php?rest_route=%2Fwp%2Fv2%2Fproduct_brand&post=12575"},{"taxonomy":"product_cat","embeddable":true,"href":"https:\/\/aramiso-test.verteco.app\/index.php?rest_route=%2Fwp%2Fv2%2Fproduct_cat&post=12575"},{"taxonomy":"product_tag","embeddable":true,"href":"https:\/\/aramiso-test.verteco.app\/index.php?rest_route=%2Fwp%2Fv2%2Fproduct_tag&post=12575"}],"curies":[{"name":"wp","href":"https:\/\/api.w.org\/{rel}","templated":true}]}}