{"id":12521,"date":"2025-08-03T13:04:48","date_gmt":"2025-08-03T13:04:48","guid":{"rendered":"https:\/\/aramiso-test.verteco.app\/?product=patka-na-zavrtnej-skrutke-m10x180"},"modified":"2025-08-03T13:04:51","modified_gmt":"2025-08-03T13:04:51","slug":"patka-na-zavrtnej-skrutke-m10x180","status":"publish","type":"product","link":"https:\/\/aramiso-test.verteco.app\/?product=patka-na-zavrtnej-skrutke-m10x180","title":{"rendered":"P\u00e4tka na z\u00e1vrtnej skrutke M10x180"},"content":{"rendered":"<p>Nerezov\u00e1 kombiskrutka s horn\u00fdm \u0161es\u0165hranom M8x25 a d\u013a\u017ekou 180mm.<br \/>\nMaticami M10 je mo\u017en\u00e9 nastavenie v\u00fd\u0161ky L p\u00e4tky.<\/p>\n","protected":false},"excerpt":{"rendered":"<p>Materi\u00e1l: Nerez AISI 304\/Hlin\u00edk<\/p>\n","protected":false},"featured_media":0,"comment_status":"closed","ping_status":"open","template":"","meta":[],"product_brand":[],"product_cat":[15],"product_tag":[],"class_list":{"0":"post-12521","1":"product","2":"type-product","3":"status-publish","5":"product_cat-uncategorized","7":"first","8":"onbackorder","9":"sale","10":"purchasable","11":"product-type-simple"},"_links":{"self":[{"href":"https:\/\/aramiso-test.verteco.app\/index.php?rest_route=\/wp\/v2\/product\/12521","targetHints":{"allow":["GET"]}}],"collection":[{"href":"https:\/\/aramiso-test.verteco.app\/index.php?rest_route=\/wp\/v2\/product"}],"about":[{"href":"https:\/\/aramiso-test.verteco.app\/index.php?rest_route=\/wp\/v2\/types\/product"}],"replies":[{"embeddable":true,"href":"https:\/\/aramiso-test.verteco.app\/index.php?rest_route=%2Fwp%2Fv2%2Fcomments&post=12521"}],"wp:attachment":[{"href":"https:\/\/aramiso-test.verteco.app\/index.php?rest_route=%2Fwp%2Fv2%2Fmedia&parent=12521"}],"wp:term":[{"taxonomy":"product_brand","embeddable":true,"href":"https:\/\/aramiso-test.verteco.app\/index.php?rest_route=%2Fwp%2Fv2%2Fproduct_brand&post=12521"},{"taxonomy":"product_cat","embeddable":true,"href":"https:\/\/aramiso-test.verteco.app\/index.php?rest_route=%2Fwp%2Fv2%2Fproduct_cat&post=12521"},{"taxonomy":"product_tag","embeddable":true,"href":"https:\/\/aramiso-test.verteco.app\/index.php?rest_route=%2Fwp%2Fv2%2Fproduct_tag&post=12521"}],"curies":[{"name":"wp","href":"https:\/\/api.w.org\/{rel}","templated":true}]}}