{"id":12486,"date":"2025-08-03T13:04:29","date_gmt":"2025-08-03T13:04:29","guid":{"rendered":"https:\/\/aramiso-test.verteco.app\/?product=montazny-hlinikovy-profil-r41-2-5000"},"modified":"2025-08-03T13:04:35","modified_gmt":"2025-08-03T13:04:35","slug":"montazny-hlinikovy-profil-r41-2-5000","status":"publish","type":"product","link":"https:\/\/aramiso-test.verteco.app\/?product=montazny-hlinikovy-profil-r41-2-5000","title":{"rendered":"Mont\u00e1\u017eny hlin\u00edkov\u00fd profil R41-2-5000"},"content":{"rendered":"<p>Hlin\u00edkov\u00fd nosn\u00fd profil 41 x 100 mm o d\u013a\u017eke 5000 mm na uchytenie fotovoltick\u00fdch panelov.<br \/>\nHorn\u00e1 dr\u00e1\u017eka sl\u00fa\u017ei na uchytenie panelov syst\u00e9mamy PRO a ULT. <\/p>\n<p>Hmotnos\u0165 1m profilu je 0,83kg.<\/p>\n","protected":false},"excerpt":{"rendered":"<p>Materi\u00e1l: Hlin\u00edk, Povrchov\u00e1 \u00faprava: Eloxovan\u00fd, Vzh\u013ead: Strieborn\u00e1<\/p>\n","protected":false},"featured_media":0,"comment_status":"closed","ping_status":"open","template":"","meta":[],"product_brand":[],"product_cat":[15],"product_tag":[],"class_list":{"0":"post-12486","1":"product","2":"type-product","3":"status-publish","5":"product_cat-uncategorized","7":"first","8":"onbackorder","9":"sale","10":"purchasable","11":"product-type-simple"},"_links":{"self":[{"href":"https:\/\/aramiso-test.verteco.app\/index.php?rest_route=\/wp\/v2\/product\/12486","targetHints":{"allow":["GET"]}}],"collection":[{"href":"https:\/\/aramiso-test.verteco.app\/index.php?rest_route=\/wp\/v2\/product"}],"about":[{"href":"https:\/\/aramiso-test.verteco.app\/index.php?rest_route=\/wp\/v2\/types\/product"}],"replies":[{"embeddable":true,"href":"https:\/\/aramiso-test.verteco.app\/index.php?rest_route=%2Fwp%2Fv2%2Fcomments&post=12486"}],"wp:attachment":[{"href":"https:\/\/aramiso-test.verteco.app\/index.php?rest_route=%2Fwp%2Fv2%2Fmedia&parent=12486"}],"wp:term":[{"taxonomy":"product_brand","embeddable":true,"href":"https:\/\/aramiso-test.verteco.app\/index.php?rest_route=%2Fwp%2Fv2%2Fproduct_brand&post=12486"},{"taxonomy":"product_cat","embeddable":true,"href":"https:\/\/aramiso-test.verteco.app\/index.php?rest_route=%2Fwp%2Fv2%2Fproduct_cat&post=12486"},{"taxonomy":"product_tag","embeddable":true,"href":"https:\/\/aramiso-test.verteco.app\/index.php?rest_route=%2Fwp%2Fv2%2Fproduct_tag&post=12486"}],"curies":[{"name":"wp","href":"https:\/\/api.w.org\/{rel}","templated":true}]}}